{"id":99,"date":"2025-04-23T18:24:40","date_gmt":"2025-04-23T18:24:40","guid":{"rendered":"https:\/\/cpoproject.ca\/?page_id=99"},"modified":"2026-01-13T02:12:34","modified_gmt":"2026-01-13T02:12:34","slug":"indicator-library","status":"publish","type":"page","link":"https:\/\/cpoproject.ca\/fr\/dashboard\/indicator-library\/","title":{"rendered":"Biblioth\u00e8que d\u2019indicateurs"},"content":{"rendered":"<div data-elementor-type=\"wp-page\" data-elementor-id=\"99\" class=\"elementor elementor-99\" data-elementor-post-type=\"page\">\n\t\t\t\t<div class=\"elementor-element elementor-element-58e2a1de e-flex e-con-boxed e-con e-parent\" data-id=\"58e2a1de\" data-element_type=\"container\" data-e-type=\"container\">\n\t\t\t\t\t<div class=\"e-con-inner\">\n\t\t\t\t<div class=\"elementor-element elementor-element-30bca911 elementor-nav-menu__align-center elementor-nav-menu--dropdown-none elementor-widget elementor-widget-nav-menu\" data-id=\"30bca911\" data-element_type=\"widget\" data-e-type=\"widget\" data-settings=\"{&quot;layout&quot;:&quot;horizontal&quot;,&quot;submenu_icon&quot;:{&quot;value&quot;:&quot;&lt;svg aria-hidden=\\&quot;true\\&quot; class=\\&quot;e-font-icon-svg e-fas-caret-down\\&quot; viewBox=\\&quot;0 0 320 512\\&quot; xmlns=\\&quot;http:\\\/\\\/www.w3.org\\\/2000\\\/svg\\&quot;&gt;&lt;path d=\\&quot;M31.3 192h257.3c17.8 0 26.7 21.5 14.1 34.1L174.1 354.8c-7.8 7.8-20.5 7.8-28.3 0L17.2 226.1C4.6 213.5 13.5 192 31.3 192z\\&quot;&gt;&lt;\\\/path&gt;&lt;\\\/svg&gt;&quot;,&quot;library&quot;:&quot;fa-solid&quot;}}\" data-widget_type=\"nav-menu.default\">\n\t\t\t\t<div class=\"elementor-widget-container\">\n\t\t\t\t\t\t\t\t<nav aria-label=\"Menu\" class=\"elementor-nav-menu--main elementor-nav-menu__container elementor-nav-menu--layout-horizontal e--pointer-none\">\n\t\t\t\t<ul id=\"menu-1-30bca911\" class=\"elementor-nav-menu\"><li class=\"menu-item menu-item-type-post_type menu-item-object-page menu-item-102\"><a href=\"https:\/\/cpoproject.ca\/fr\/dashboard\/\" class=\"elementor-item\">Le tableau de bord<\/a><\/li>\n<li class=\"menu-item menu-item-type-post_type menu-item-object-page menu-item-105\"><a href=\"https:\/\/cpoproject.ca\/fr\/dashboard\/indicator-library\/\" class=\"elementor-item\">Biblioth\u00e8que d\u2019indicateurs<\/a><\/li>\n<li class=\"menu-item menu-item-type-post_type menu-item-object-page menu-item-104\"><a href=\"https:\/\/cpoproject.ca\/fr\/dashboard\/technical-documents\/\" class=\"elementor-item\">Documents techniques<\/a><\/li>\n<li class=\"menu-item menu-item-type-post_type menu-item-object-page menu-item-103\"><a href=\"https:\/\/cpoproject.ca\/fr\/dashboard\/reports-infographics\/\" class=\"elementor-item\">Rapports et infographies<\/a><\/li>\n<\/ul>\t\t\t<\/nav>\n\t\t\t\t\t\t<nav class=\"elementor-nav-menu--dropdown elementor-nav-menu__container\" aria-hidden=\"true\">\n\t\t\t\t<ul id=\"menu-2-30bca911\" class=\"elementor-nav-menu\"><li class=\"menu-item menu-item-type-post_type menu-item-object-page menu-item-102\"><a href=\"https:\/\/cpoproject.ca\/fr\/dashboard\/\" class=\"elementor-item\" tabindex=\"-1\">Le tableau de bord<\/a><\/li>\n<li class=\"menu-item menu-item-type-post_type menu-item-object-page menu-item-105\"><a href=\"https:\/\/cpoproject.ca\/fr\/dashboard\/indicator-library\/\" class=\"elementor-item\" tabindex=\"-1\">Biblioth\u00e8que d\u2019indicateurs<\/a><\/li>\n<li class=\"menu-item menu-item-type-post_type menu-item-object-page menu-item-104\"><a href=\"https:\/\/cpoproject.ca\/fr\/dashboard\/technical-documents\/\" class=\"elementor-item\" tabindex=\"-1\">Documents techniques<\/a><\/li>\n<li class=\"menu-item menu-item-type-post_type menu-item-object-page menu-item-103\"><a href=\"https:\/\/cpoproject.ca\/fr\/dashboard\/reports-infographics\/\" class=\"elementor-item\" tabindex=\"-1\">Rapports et infographies<\/a><\/li>\n<\/ul>\t\t\t<\/nav>\n\t\t\t\t\t\t<\/div>\n\t\t\t\t<\/div>\n\t\t\t\t<div class=\"elementor-element elementor-element-6c1c51d1 elementor-widget elementor-widget-heading\" data-id=\"6c1c51d1\" data-element_type=\"widget\" data-e-type=\"widget\" data-widget_type=\"heading.default\">\n\t\t\t\t<div class=\"elementor-widget-container\">\n\t\t\t\t\t<h1 class=\"elementor-heading-title elementor-size-default\">Mesures de sant\u00e9 de la population<\/h1>\t\t\t\t<\/div>\n\t\t\t\t<\/div>\n\t\t\t\t<div class=\"elementor-element elementor-element-15845ae elementor-widget elementor-widget-heading\" data-id=\"15845ae\" data-element_type=\"widget\" data-e-type=\"widget\" data-widget_type=\"heading.default\">\n\t\t\t\t<div class=\"elementor-widget-container\">\n\t\t\t\t\t<h2 class=\"elementor-heading-title elementor-size-default\">Biblioth\u00e8que d\u2019indicateurs<\/h2>\t\t\t\t<\/div>\n\t\t\t\t<\/div>\n\t\t\t\t<div class=\"elementor-element elementor-element-5dd939b elementor-widget elementor-widget-image\" data-id=\"5dd939b\" data-element_type=\"widget\" data-e-type=\"widget\" data-widget_type=\"image.default\">\n\t\t\t\t<div class=\"elementor-widget-container\">\n\t\t\t\t\t\t\t\t\t\t\t\t\t\t\t<img fetchpriority=\"high\" decoding=\"async\" width=\"800\" height=\"398\" src=\"https:\/\/cpoproject.ca\/wp-content\/uploads\/2025\/05\/CPOP-Dashboard-1-1024x510.jpg\" class=\"attachment-large size-large wp-image-179\" alt=\"\" srcset=\"https:\/\/cpoproject.ca\/wp-content\/uploads\/2025\/05\/CPOP-Dashboard-1-1024x510.jpg 1024w, https:\/\/cpoproject.ca\/wp-content\/uploads\/2025\/05\/CPOP-Dashboard-1-300x150.jpg 300w, https:\/\/cpoproject.ca\/wp-content\/uploads\/2025\/05\/CPOP-Dashboard-1-768x383.jpg 768w, https:\/\/cpoproject.ca\/wp-content\/uploads\/2025\/05\/CPOP-Dashboard-1-1536x766.jpg 1536w, https:\/\/cpoproject.ca\/wp-content\/uploads\/2025\/05\/CPOP-Dashboard-1-2048x1021.jpg 2048w\" sizes=\"(max-width: 800px) 100vw, 800px\" \/>\t\t\t\t\t\t\t\t\t\t\t\t\t\t\t<\/div>\n\t\t\t\t<\/div>\n\t\t\t\t<div class=\"elementor-element elementor-element-50f260b3 elementor-widget__width-auto elementor-widget elementor-widget-text-editor\" data-id=\"50f260b3\" data-element_type=\"widget\" data-e-type=\"widget\" data-widget_type=\"text-editor.default\">\n\t\t\t\t<div class=\"elementor-widget-container\">\n\t\t\t\t\t\t\t\t\t<p>Voici une liste des indicateurs de sant\u00e9 de la population actuellement affich\u00e9s sur le tableau de bord, ainsi que des indicateurs qui y seront bient\u00f4t disponibles.<\/p>\t\t\t\t\t\t\t\t<\/div>\n\t\t\t\t<\/div>\n\t\t\t\t\t<\/div>\n\t\t\t\t<\/div>\n\t\t<div class=\"elementor-element elementor-element-db659a7 e-flex e-con-boxed e-con e-parent\" data-id=\"db659a7\" data-element_type=\"container\" data-e-type=\"container\">\n\t\t\t\t\t<div class=\"e-con-inner\">\n\t\t\t\t<div class=\"elementor-element elementor-element-9f3496d elementor-widget elementor-widget-image\" data-id=\"9f3496d\" data-element_type=\"widget\" data-e-type=\"widget\" data-widget_type=\"image.default\">\n\t\t\t\t<div class=\"elementor-widget-container\">\n\t\t\t\t\t\t\t\t\t\t\t\t\t\t\t\t<a href=\"https:\/\/drive.google.com\/file\/d\/1e9EqWFiBysy-yn_ADIxMUKCADsBIivwv\/view?usp=sharing\" target=\"_blank\">\n\t\t\t\t\t\t\t<img decoding=\"async\" width=\"778\" height=\"1024\" src=\"https:\/\/cpoproject.ca\/wp-content\/uploads\/2026\/04\/Indicator-Library-French-scaled.png\" class=\"attachment-large size-large wp-image-315\" alt=\"\" srcset=\"https:\/\/cpoproject.ca\/wp-content\/uploads\/2026\/04\/Indicator-Library-French-scaled.png 1979w, https:\/\/cpoproject.ca\/wp-content\/uploads\/2026\/04\/Indicator-Library-French-232x300.png 232w, https:\/\/cpoproject.ca\/wp-content\/uploads\/2026\/04\/Indicator-Library-French-791x1024.png 791w, https:\/\/cpoproject.ca\/wp-content\/uploads\/2026\/04\/Indicator-Library-French-768x994.png 768w, https:\/\/cpoproject.ca\/wp-content\/uploads\/2026\/04\/Indicator-Library-French-1187x1536.png 1187w, https:\/\/cpoproject.ca\/wp-content\/uploads\/2026\/04\/Indicator-Library-French-1583x2048.png 1583w, https:\/\/cpoproject.ca\/wp-content\/uploads\/2026\/04\/Indicator-Library-French-9x12.png 9w\" sizes=\"(max-width: 778px) 100vw, 778px\" \/>\t\t\t\t\t\t\t\t<\/a>\n\t\t\t\t\t\t\t\t\t\t\t\t\t\t\t<\/div>\n\t\t\t\t<\/div>\n\t\t\t\t\t<\/div>\n\t\t\t\t<\/div>\n\t\t\t\t<\/div>","protected":false},"excerpt":{"rendered":"<p>Population Health Measures Indicator Library Here is a list of the population health indicators currently on the dashboard, as well as indicators that are coming soon.<\/p>","protected":false},"author":1,"featured_media":0,"parent":94,"menu_order":0,"comment_status":"closed","ping_status":"closed","template":"","meta":{"footnotes":""},"class_list":["post-99","page","type-page","status-publish","hentry"],"aioseo_notices":[],"_links":{"self":[{"href":"https:\/\/cpoproject.ca\/fr\/wp-json\/wp\/v2\/pages\/99","targetHints":{"allow":["GET"]}}],"collection":[{"href":"https:\/\/cpoproject.ca\/fr\/wp-json\/wp\/v2\/pages"}],"about":[{"href":"https:\/\/cpoproject.ca\/fr\/wp-json\/wp\/v2\/types\/page"}],"author":[{"embeddable":true,"href":"https:\/\/cpoproject.ca\/fr\/wp-json\/wp\/v2\/users\/1"}],"replies":[{"embeddable":true,"href":"https:\/\/cpoproject.ca\/fr\/wp-json\/wp\/v2\/comments?post=99"}],"version-history":[{"count":0,"href":"https:\/\/cpoproject.ca\/fr\/wp-json\/wp\/v2\/pages\/99\/revisions"}],"up":[{"embeddable":true,"href":"https:\/\/cpoproject.ca\/fr\/wp-json\/wp\/v2\/pages\/94"}],"wp:attachment":[{"href":"https:\/\/cpoproject.ca\/fr\/wp-json\/wp\/v2\/media?parent=99"}],"curies":[{"name":"wp","href":"https:\/\/api.w.org\/{rel}","templated":true}]}}