{"id":94,"date":"2025-04-23T18:10:35","date_gmt":"2025-04-23T18:10:35","guid":{"rendered":"https:\/\/cpoproject.ca\/?page_id=94"},"modified":"2026-04-15T05:15:57","modified_gmt":"2026-04-15T05:15:57","slug":"dashboard","status":"publish","type":"page","link":"https:\/\/cpoproject.ca\/fr\/dashboard\/","title":{"rendered":"Le tableau de bord"},"content":{"rendered":"<div data-elementor-type=\"wp-page\" data-elementor-id=\"94\" class=\"elementor elementor-94\" data-elementor-post-type=\"page\">\n\t\t\t\t<div class=\"elementor-element elementor-element-41af0d0d e-flex e-con-boxed e-con e-parent\" data-id=\"41af0d0d\" data-element_type=\"container\" data-e-type=\"container\">\n\t\t\t\t\t<div class=\"e-con-inner\">\n\t\t\t\t<div class=\"elementor-element elementor-element-7b25483 elementor-nav-menu__align-center elementor-nav-menu--dropdown-none elementor-widget elementor-widget-nav-menu\" data-id=\"7b25483\" data-element_type=\"widget\" data-e-type=\"widget\" data-settings=\"{&quot;layout&quot;:&quot;horizontal&quot;,&quot;submenu_icon&quot;:{&quot;value&quot;:&quot;&lt;svg aria-hidden=\\&quot;true\\&quot; class=\\&quot;e-font-icon-svg e-fas-caret-down\\&quot; viewBox=\\&quot;0 0 320 512\\&quot; xmlns=\\&quot;http:\\\/\\\/www.w3.org\\\/2000\\\/svg\\&quot;&gt;&lt;path d=\\&quot;M31.3 192h257.3c17.8 0 26.7 21.5 14.1 34.1L174.1 354.8c-7.8 7.8-20.5 7.8-28.3 0L17.2 226.1C4.6 213.5 13.5 192 31.3 192z\\&quot;&gt;&lt;\\\/path&gt;&lt;\\\/svg&gt;&quot;,&quot;library&quot;:&quot;fa-solid&quot;}}\" data-widget_type=\"nav-menu.default\">\n\t\t\t\t<div class=\"elementor-widget-container\">\n\t\t\t\t\t\t\t\t<nav aria-label=\"Menu\" class=\"elementor-nav-menu--main elementor-nav-menu__container elementor-nav-menu--layout-horizontal e--pointer-none\">\n\t\t\t\t<ul id=\"menu-1-7b25483\" class=\"elementor-nav-menu\"><li class=\"menu-item menu-item-type-post_type menu-item-object-page menu-item-102\"><a href=\"https:\/\/cpoproject.ca\/fr\/dashboard\/\" class=\"elementor-item\">Le tableau de bord<\/a><\/li>\n<li class=\"menu-item menu-item-type-post_type menu-item-object-page menu-item-105\"><a href=\"https:\/\/cpoproject.ca\/fr\/dashboard\/indicator-library\/\" class=\"elementor-item\">Biblioth\u00e8que d\u2019indicateurs<\/a><\/li>\n<li class=\"menu-item menu-item-type-post_type menu-item-object-page menu-item-104\"><a href=\"https:\/\/cpoproject.ca\/fr\/dashboard\/technical-documents\/\" class=\"elementor-item\">Documents techniques<\/a><\/li>\n<li class=\"menu-item menu-item-type-post_type menu-item-object-page menu-item-103\"><a href=\"https:\/\/cpoproject.ca\/fr\/dashboard\/reports-infographics\/\" class=\"elementor-item\">Rapports et infographies<\/a><\/li>\n<\/ul>\t\t\t<\/nav>\n\t\t\t\t\t\t<nav class=\"elementor-nav-menu--dropdown elementor-nav-menu__container\" aria-hidden=\"true\">\n\t\t\t\t<ul id=\"menu-2-7b25483\" class=\"elementor-nav-menu\"><li class=\"menu-item menu-item-type-post_type menu-item-object-page menu-item-102\"><a href=\"https:\/\/cpoproject.ca\/fr\/dashboard\/\" class=\"elementor-item\" tabindex=\"-1\">Le tableau de bord<\/a><\/li>\n<li class=\"menu-item menu-item-type-post_type menu-item-object-page menu-item-105\"><a href=\"https:\/\/cpoproject.ca\/fr\/dashboard\/indicator-library\/\" class=\"elementor-item\" tabindex=\"-1\">Biblioth\u00e8que d\u2019indicateurs<\/a><\/li>\n<li class=\"menu-item menu-item-type-post_type menu-item-object-page menu-item-104\"><a href=\"https:\/\/cpoproject.ca\/fr\/dashboard\/technical-documents\/\" class=\"elementor-item\" tabindex=\"-1\">Documents techniques<\/a><\/li>\n<li class=\"menu-item menu-item-type-post_type menu-item-object-page menu-item-103\"><a href=\"https:\/\/cpoproject.ca\/fr\/dashboard\/reports-infographics\/\" class=\"elementor-item\" tabindex=\"-1\">Rapports et infographies<\/a><\/li>\n<\/ul>\t\t\t<\/nav>\n\t\t\t\t\t\t<\/div>\n\t\t\t\t<\/div>\n\t\t\t\t<div class=\"elementor-element elementor-element-35bf5dfe elementor-widget elementor-widget-heading\" data-id=\"35bf5dfe\" data-element_type=\"widget\" data-e-type=\"widget\" data-widget_type=\"heading.default\">\n\t\t\t\t<div class=\"elementor-widget-container\">\n\t\t\t\t\t<h1 class=\"elementor-heading-title elementor-size-default\">De grandes choses sont arriv\u00e9es<\/h1>\t\t\t\t<\/div>\n\t\t\t\t<\/div>\n\t\t\t\t<div class=\"elementor-element elementor-element-205aff70 elementor-widget elementor-widget-heading\" data-id=\"205aff70\" data-element_type=\"widget\" data-e-type=\"widget\" data-widget_type=\"heading.default\">\n\t\t\t\t<div class=\"elementor-widget-container\">\n\t\t\t\t\t<h2 class=\"elementor-heading-title elementor-size-default\">Le tableau de bord<\/h2>\t\t\t\t<\/div>\n\t\t\t\t<\/div>\n\t\t\t\t<div class=\"elementor-element elementor-element-2045fa0 elementor-widget elementor-widget-image\" data-id=\"2045fa0\" data-element_type=\"widget\" data-e-type=\"widget\" data-widget_type=\"image.default\">\n\t\t\t\t<div class=\"elementor-widget-container\">\n\t\t\t\t\t\t\t\t\t\t\t\t\t\t\t<img fetchpriority=\"high\" decoding=\"async\" width=\"800\" height=\"398\" src=\"https:\/\/cpoproject.ca\/wp-content\/uploads\/2025\/05\/CPOP-Dashboard-1-1024x510.jpg\" class=\"attachment-large size-large wp-image-179\" alt=\"\" srcset=\"https:\/\/cpoproject.ca\/wp-content\/uploads\/2025\/05\/CPOP-Dashboard-1-1024x510.jpg 1024w, https:\/\/cpoproject.ca\/wp-content\/uploads\/2025\/05\/CPOP-Dashboard-1-300x150.jpg 300w, https:\/\/cpoproject.ca\/wp-content\/uploads\/2025\/05\/CPOP-Dashboard-1-768x383.jpg 768w, https:\/\/cpoproject.ca\/wp-content\/uploads\/2025\/05\/CPOP-Dashboard-1-1536x766.jpg 1536w, https:\/\/cpoproject.ca\/wp-content\/uploads\/2025\/05\/CPOP-Dashboard-1-2048x1021.jpg 2048w\" sizes=\"(max-width: 800px) 100vw, 800px\" \/>\t\t\t\t\t\t\t\t\t\t\t\t\t\t\t<\/div>\n\t\t\t\t<\/div>\n\t\t\t\t<div class=\"elementor-element elementor-element-24b7559d elementor-widget elementor-widget-text-editor\" data-id=\"24b7559d\" data-element_type=\"widget\" data-e-type=\"widget\" data-widget_type=\"text-editor.default\">\n\t\t\t\t<div class=\"elementor-widget-container\">\n\t\t\t\t\t\t\t\t\t<p>Nous avons recueilli des donn\u00e9es sur d\u2019importants indicateurs de la consommation d\u2019opio\u00efdes en p\u00e9riode p\u00e9rinatale, sur les d\u00e9terminants sociaux de la sant\u00e9 et sur les conditions cliniques des femmes enceintes, des femmes r\u00e9cemment enceintes et des enfants dans tout le Canada. Ces indicateurs ont \u00e9t\u00e9 s\u00e9lectionn\u00e9s par des experts de l\u2019exposition aux opio\u00efdes durant la p\u00e9riode p\u00e9rinatale, notamment des personnes ayant une exp\u00e9rience v\u00e9cue et des utilisateurs de connaissances.<\/p><p>Revenez bient\u00f4t alors que nous continuerons \u00e0 mettre \u00e0 jour le tableau de bord avec des indicateurs suppl\u00e9mentaires, des donn\u00e9es provinciales pour Alberta, British Columbia, Manitoba, and Saskatchewan, ainsi que la version fran\u00e7aise du tableau de bord.<\/p>\t\t\t\t\t\t\t\t<\/div>\n\t\t\t\t<\/div>\n\t\t\t\t<div class=\"elementor-element elementor-element-fa256b4 elementor-align-center elementor-widget elementor-widget-button\" data-id=\"fa256b4\" data-element_type=\"widget\" data-e-type=\"widget\" data-widget_type=\"button.default\">\n\t\t\t\t<div class=\"elementor-widget-container\">\n\t\t\t\t\t\t\t\t\t<div class=\"elementor-button-wrapper\">\n\t\t\t\t\t<a class=\"elementor-button elementor-button-link elementor-size-sm\" href=\"https:\/\/public.tableau.com\/views\/Dash_202604\/OVERVIEW6?:language=en-US&#038;publish=yes&#038;:sid=&#038;:redirect=auth&#038;:display_count=n&#038;:origin=viz_share_link\" target=\"_blank\">\n\t\t\t\t\t\t<span class=\"elementor-button-content-wrapper\">\n\t\t\t\t\t\t<span class=\"elementor-button-icon\">\n\t\t\t\t<svg aria-hidden=\"true\" class=\"e-font-icon-svg e-fas-external-link-alt\" viewbox=\"0 0 512 512\" xmlns=\"http:\/\/www.w3.org\/2000\/svg\"><path d=\"M432,320H400a16,16,0,0,0-16,16V448H64V128H208a16,16,0,0,0,16-16V80a16,16,0,0,0-16-16H48A48,48,0,0,0,0,112V464a48,48,0,0,0,48,48H400a48,48,0,0,0,48-48V336A16,16,0,0,0,432,320ZM488,0h-128c-21.37,0-32.05,25.91-17,41l35.73,35.73L135,320.37a24,24,0,0,0,0,34L157.67,377a24,24,0,0,0,34,0L435.28,133.32,471,169c15,15,41,4.5,41-17V24A24,24,0,0,0,488,0Z\"><\/path><\/svg>\t\t\t<\/span>\n\t\t\t\t\t\t\t\t\t<span class=\"elementor-button-text\">Afficher le tableau de bord<\/span>\n\t\t\t\t\t<\/span>\n\t\t\t\t\t<\/a>\n\t\t\t\t<\/div>\n\t\t\t\t\t\t\t\t<\/div>\n\t\t\t\t<\/div>\n\t\t\t\t\t<\/div>\n\t\t\t\t<\/div>\n\t\t<div class=\"elementor-element elementor-element-a9e6095 e-flex e-con-boxed e-con e-parent\" data-id=\"a9e6095\" data-element_type=\"container\" data-e-type=\"container\">\n\t\t\t\t\t<div class=\"e-con-inner\">\n\t\t<div class=\"elementor-element elementor-element-474f77f e-con-full e-flex e-con e-child\" data-id=\"474f77f\" data-element_type=\"container\" data-e-type=\"container\">\n\t\t\t\t<div class=\"elementor-element elementor-element-37478e7 elementor-widget elementor-widget-text-editor\" data-id=\"37478e7\" data-element_type=\"widget\" data-e-type=\"widget\" data-widget_type=\"text-editor.default\">\n\t\t\t\t<div class=\"elementor-widget-container\">\n\t\t\t\t\t\t\t\t\t<p><span style=\"letter-spacing: 0px;\">Derri\u00e8re chaque statistique, il y a une personne. Cette vid\u00e9o pr\u00e9sente le parcours sinc\u00e8re d\u2019une femme pendant sa grossesse et sa consommation d\u2019opio\u00efdes.&nbsp;<\/span><\/p>\n<p><span style=\"letter-spacing: 0px;\">Voici l\u2019histoire de Mary Black.&nbsp;<\/span><\/p>\n<p>Visitez la page Storytelling pour entendre plus d\u2019histoires.<\/p>\t\t\t\t\t\t\t\t<\/div>\n\t\t\t\t<\/div>\n\t\t\t\t<\/div>\n\t\t<div class=\"elementor-element elementor-element-3e0c97a e-con-full e-flex e-con e-child\" data-id=\"3e0c97a\" data-element_type=\"container\" data-e-type=\"container\">\n\t\t\t\t<div class=\"elementor-element elementor-element-06d731f elementor-widget elementor-widget-video\" data-id=\"06d731f\" data-element_type=\"widget\" data-e-type=\"widget\" data-settings=\"{&quot;youtube_url&quot;:&quot;https:\\\/\\\/youtu.be\\\/Xa8GFkLehJs?si=-t5QKwKwU6n7Weeg&quot;,&quot;video_type&quot;:&quot;youtube&quot;,&quot;controls&quot;:&quot;yes&quot;}\" data-widget_type=\"video.default\">\n\t\t\t\t<div class=\"elementor-widget-container\">\n\t\t\t\t\t\t\t<div class=\"elementor-wrapper elementor-open-inline\">\n\t\t\t<div class=\"elementor-video\"><\/div>\t\t<\/div>\n\t\t\t\t\t\t<\/div>\n\t\t\t\t<\/div>\n\t\t\t\t<\/div>\n\t\t\t\t\t<\/div>\n\t\t\t\t<\/div>\n\t\t\t\t<\/div>","protected":false},"excerpt":{"rendered":"<p>GREAT THINGS Are Here The Dashboard We\u2019ve collected data on important indicators of perinatal opioid use, social determinants of health, and clinical conditions for pregnant people, those recently pregnant, and children across Canada. These indicators were handpicked by experts in perinatal opioid exposure \u2013 including people with lived\/living experience and knowledge users. Check back soon [&hellip;]<\/p>\n","protected":false},"author":1,"featured_media":0,"parent":0,"menu_order":0,"comment_status":"closed","ping_status":"closed","template":"","meta":{"footnotes":""},"class_list":["post-94","page","type-page","status-publish","hentry"],"aioseo_notices":[],"_links":{"self":[{"href":"https:\/\/cpoproject.ca\/fr\/wp-json\/wp\/v2\/pages\/94","targetHints":{"allow":["GET"]}}],"collection":[{"href":"https:\/\/cpoproject.ca\/fr\/wp-json\/wp\/v2\/pages"}],"about":[{"href":"https:\/\/cpoproject.ca\/fr\/wp-json\/wp\/v2\/types\/page"}],"author":[{"embeddable":true,"href":"https:\/\/cpoproject.ca\/fr\/wp-json\/wp\/v2\/users\/1"}],"replies":[{"embeddable":true,"href":"https:\/\/cpoproject.ca\/fr\/wp-json\/wp\/v2\/comments?post=94"}],"version-history":[{"count":0,"href":"https:\/\/cpoproject.ca\/fr\/wp-json\/wp\/v2\/pages\/94\/revisions"}],"wp:attachment":[{"href":"https:\/\/cpoproject.ca\/fr\/wp-json\/wp\/v2\/media?parent=94"}],"curies":[{"name":"wp","href":"https:\/\/api.w.org\/{rel}","templated":true}]}}