{"id":274,"date":"2026-01-09T19:46:14","date_gmt":"2026-01-09T19:46:14","guid":{"rendered":"https:\/\/cpoproject.ca\/?page_id=274"},"modified":"2026-04-20T16:18:55","modified_gmt":"2026-04-20T16:18:55","slug":"storytelling-test","status":"publish","type":"page","link":"https:\/\/cpoproject.ca\/fr\/storytelling-test\/","title":{"rendered":"Storytelling"},"content":{"rendered":"<div data-elementor-type=\"wp-page\" data-elementor-id=\"274\" class=\"elementor elementor-274\" data-elementor-post-type=\"page\">\n\t\t\t\t<div class=\"elementor-element elementor-element-891bc12 e-flex e-con-boxed e-con e-parent\" data-id=\"891bc12\" data-element_type=\"container\" data-e-type=\"container\">\n\t\t\t\t\t<div class=\"e-con-inner\">\n\t\t\t\t<div class=\"elementor-element elementor-element-9ede3fa elementor-widget elementor-widget-spacer\" data-id=\"9ede3fa\" data-element_type=\"widget\" data-e-type=\"widget\" data-widget_type=\"spacer.default\">\n\t\t\t\t<div class=\"elementor-widget-container\">\n\t\t\t\t\t\t\t<div class=\"elementor-spacer\">\n\t\t\t<div class=\"elementor-spacer-inner\"><\/div>\n\t\t<\/div>\n\t\t\t\t\t\t<\/div>\n\t\t\t\t<\/div>\n\t\t\t\t<div class=\"elementor-element elementor-element-9fc602d elementor-widget elementor-widget-text-editor\" data-id=\"9fc602d\" data-element_type=\"widget\" data-e-type=\"widget\" data-widget_type=\"text-editor.default\">\n\t\t\t\t<div class=\"elementor-widget-container\">\n\t\t\t\t\t\t\t\t\t<h2><strong>Voix renforc\u00e9es<\/strong><\/h2>\t\t\t\t\t\t\t\t<\/div>\n\t\t\t\t<\/div>\n\t\t\t\t\t<\/div>\n\t\t\t\t<\/div>\n\t\t<div class=\"elementor-element elementor-element-5c73dd6 e-con-full e-flex e-con e-parent\" data-id=\"5c73dd6\" data-element_type=\"container\" data-e-type=\"container\">\n\t\t\t\t<div class=\"elementor-element elementor-element-a4c48cd elementor-widget__width-initial elementor-widget elementor-widget-text-editor\" data-id=\"a4c48cd\" data-element_type=\"widget\" data-e-type=\"widget\" data-widget_type=\"text-editor.default\">\n\t\t\t\t<div class=\"elementor-widget-container\">\n\t\t\t\t\t\t\t\t\t<p class=\"cvGsUA direction-ltr align-center para-style-body\"><span class=\"a_GcMg font-feature-liga-off font-feature-clig-off font-feature-calt-off text-decoration-none text-strikethrough-none\">Nous sommes honor\u00e9s de faire entendre la voix de six personnes qui ont consomm\u00e9 des opio\u00efdes ou re\u00e7u un traitement pour un trouble li\u00e9 \u00e0 l\u2019usage d\u2019opio\u00efdes pendant la grossesse et en \u00e9levant leurs enfants. Leurs exp\u00e9riences r\u00e9v\u00e8lent comment la stigmatisation et les obstacles aux soins influencent les in\u00e9galit\u00e9s en sant\u00e9 maternelle et la consommation de substances. En m\u00eame temps, leurs histoires illustrent la force et la r\u00e9silience n\u00e9cessaires pour faire face \u00e0 ces d\u00e9fis et les surmonter.<\/span><\/p><p class=\"cvGsUA direction-ltr align-center para-style-body\"><span class=\"a_GcMg font-feature-liga-off font-feature-clig-off font-feature-calt-off text-decoration-none text-strikethrough-none\">Prenez un moment pour \u00e9couter les histoires vraies ci-dessous.<\/span><\/p><p class=\"cvGsUA direction-ltr align-center para-style-body\"><span class=\"a_GcMg font-feature-liga-off font-feature-clig-off font-feature-calt-off text-decoration-none text-strikethrough-none\">Ce sont les personnes derri\u00e8re les chiffres \u2013 et leurs voix comptent.<\/span><\/p>\t\t\t\t\t\t\t\t<\/div>\n\t\t\t\t<\/div>\n\t\t\t\t<\/div>\n\t\t<div class=\"elementor-element elementor-element-6f7fbef e-con-full e-flex e-con e-parent\" data-id=\"6f7fbef\" data-element_type=\"container\" data-e-type=\"container\">\n\t\t\t\t<div class=\"elementor-element elementor-element-5a042d5 elementor-widget elementor-widget-text-editor\" data-id=\"5a042d5\" data-element_type=\"widget\" data-e-type=\"widget\" data-widget_type=\"text-editor.default\">\n\t\t\t\t<div class=\"elementor-widget-container\">\n\t\t\t\t\t\t\t\t\t<h1>De vraies personnes. Des histoires vraies.<\/h1>\t\t\t\t\t\t\t\t<\/div>\n\t\t\t\t<\/div>\n\t\t\t\t<div class=\"elementor-element elementor-element-a78f805 elementor-widget elementor-widget-image\" data-id=\"a78f805\" data-element_type=\"widget\" data-e-type=\"widget\" data-widget_type=\"image.default\">\n\t\t\t\t<div class=\"elementor-widget-container\">\n\t\t\t\t\t\t\t\t\t\t\t\t\t\t\t<img decoding=\"async\" src=\"https:\/\/cpoproject.ca\/wp-content\/uploads\/elementor\/thumbs\/Heart-r36z721ukzxua1dem117t4viv6ovvhe99zrhmbjl4c.png\" title=\"Heart\" alt=\"Heart\" loading=\"lazy\" \/>\t\t\t\t\t\t\t\t\t\t\t\t\t\t\t<\/div>\n\t\t\t\t<\/div>\n\t\t\t\t<div class=\"elementor-element elementor-element-94a8b3f elementor-widget elementor-widget-text-editor\" data-id=\"94a8b3f\" data-element_type=\"widget\" data-e-type=\"widget\" data-widget_type=\"text-editor.default\">\n\t\t\t\t<div class=\"elementor-widget-container\">\n\t\t\t\t\t\t\t\t\t<p><b>Avertissement :<\/b><b>:<\/b> cette page contient des mentions de th\u00e8mes tels que la consommation de substances, l\u2019intoxication aux opio\u00efdes, les m\u00e9faits li\u00e9s aux substances, la grossesse et l\u2019accouchement, la maladie mentale, les agressions sexuelles, la maltraitance, les blessures, les traumatismes interg\u00e9n\u00e9rationnels et le racisme, ce qui peut \u00eatre perturbant pour certaines personnes.<\/p><p><b>Note about language:\u00a0<\/b>The stories shared through Empowered Voices reflect each person&#8217;s unique voice and lived\/living experience, including the language they choose to describe themselves and their journeys. We respect and honour that choice.\u00a0At the same time, we acknowledge that some commonly used terms related to substance use, such as &#8220;addict,&#8221; &#8220;clean,&#8221; or &#8220;sober&#8221; can be experienced as stigmatizing or rooted in perspectives that frame drug use as inherently negative or in need of fixing. While these terms may feel natural to some speakers, they are not the only ways to talk about these experiences. We also offer alternatives like &#8220;people who use drugs,&#8221; &#8220;substance use,&#8221; &#8220;not using,&#8221; and &#8220;use drugs.&#8221;<span style=\"font-family: Aptos, Aptos_EmbeddedFont, Aptos_MSFontService, Calibri, Helvetica, sans-serif; font-size: 12pt;\">\u00a0<\/span>Our goal is not to prescribe how people should speak about their own lives, but to learn how stigma and barriers to care influence health inequities and substance use, and to support a broader understanding of well-being that recognizes people&#8217;s strengths, contexts, and diverse pathways.<\/p>\t\t\t\t\t\t\t\t<\/div>\n\t\t\t\t<\/div>\n\t\t\t\t<\/div>\n\t\t<div class=\"elementor-element elementor-element-dc1578e e-flex e-con-boxed e-con e-parent\" data-id=\"dc1578e\" data-element_type=\"container\" data-e-type=\"container\">\n\t\t\t\t\t<div class=\"e-con-inner\">\n\t\t\t\t<div class=\"elementor-element elementor-element-7693d69 elementor-widget elementor-widget-heading\" data-id=\"7693d69\" data-element_type=\"widget\" data-e-type=\"widget\" data-widget_type=\"heading.default\">\n\t\t\t\t<div class=\"elementor-widget-container\">\n\t\t\t\t\t<h2 class=\"elementor-heading-title elementor-size-default\">Cliquez ci-dessous pour \u00e9couter de vraies histoires sur les opio\u00efdes et la grossesse<\/h2>\t\t\t\t<\/div>\n\t\t\t\t<\/div>\n\t\t\t\t\t<\/div>\n\t\t\t\t<\/div>\n\t\t<div class=\"elementor-element elementor-element-1cf295a e-grid e-con-boxed e-con e-parent\" data-id=\"1cf295a\" data-element_type=\"container\" data-e-type=\"container\" data-settings=\"{&quot;background_background&quot;:&quot;classic&quot;}\">\n\t\t\t\t\t<div class=\"e-con-inner\">\n\t\t\t\t<div class=\"elementor-element elementor-element-b9f72b9 elementor-widget elementor-widget-image\" data-id=\"b9f72b9\" data-element_type=\"widget\" data-e-type=\"widget\" data-widget_type=\"image.default\">\n\t\t\t\t<div class=\"elementor-widget-container\">\n\t\t\t\t\t\t\t\t\t\t\t\t\t\t\t\t<a href=\"https:\/\/youtu.be\/HRpxZFV4O0w\" target=\"_blank\">\n\t\t\t\t\t\t\t<img decoding=\"async\" src=\"https:\/\/cpoproject.ca\/wp-content\/uploads\/elementor\/thumbs\/Ashley-rhf7ho9wn68jaa3osxvne6vjcwt2z4xie4vxx2ia90.jpg\" title=\"Ashley\" alt=\"Ashley\" loading=\"lazy\" \/>\t\t\t\t\t\t\t\t<\/a>\n\t\t\t\t\t\t\t\t\t\t\t\t\t\t\t<\/div>\n\t\t\t\t<\/div>\n\t\t\t\t<div class=\"elementor-element elementor-element-45c955b elementor-widget elementor-widget-image\" data-id=\"45c955b\" data-element_type=\"widget\" data-e-type=\"widget\" data-widget_type=\"image.default\">\n\t\t\t\t<div class=\"elementor-widget-container\">\n\t\t\t\t\t\t\t\t\t\t\t\t\t\t\t\t<a href=\"https:\/\/youtu.be\/G6eqkgPZYLM\" target=\"_blank\">\n\t\t\t\t\t\t\t<img decoding=\"async\" src=\"https:\/\/cpoproject.ca\/wp-content\/uploads\/elementor\/thumbs\/Mel-rhk64104dyrcbfqczv45g2wj7yxexs9s6uoloy3mkm.jpg\" title=\"Mel\" alt=\"Mel\" loading=\"lazy\" \/>\t\t\t\t\t\t\t\t<\/a>\n\t\t\t\t\t\t\t\t\t\t\t\t\t\t\t<\/div>\n\t\t\t\t<\/div>\n\t\t\t\t<div class=\"elementor-element elementor-element-5b61a63 elementor-widget elementor-widget-image\" data-id=\"5b61a63\" data-element_type=\"widget\" data-e-type=\"widget\" data-widget_type=\"image.default\">\n\t\t\t\t<div class=\"elementor-widget-container\">\n\t\t\t\t\t\t\t\t\t\t\t\t\t\t\t\t<a href=\"https:\/\/youtu.be\/Xa8GFkLehJs\" target=\"_blank\">\n\t\t\t\t\t\t\t<img decoding=\"async\" src=\"https:\/\/cpoproject.ca\/wp-content\/uploads\/elementor\/thumbs\/Mary-rhf7ho9wn68jaa3osxvne6vjcwt2z4xie4vxx2ia90.jpg\" title=\"Mary\" alt=\"Mary\" loading=\"lazy\" \/>\t\t\t\t\t\t\t\t<\/a>\n\t\t\t\t\t\t\t\t\t\t\t\t\t\t\t<\/div>\n\t\t\t\t<\/div>\n\t\t\t\t<div class=\"elementor-element elementor-element-eae327a elementor-widget elementor-widget-image\" data-id=\"eae327a\" data-element_type=\"widget\" data-e-type=\"widget\" data-widget_type=\"image.default\">\n\t\t\t\t<div class=\"elementor-widget-container\">\n\t\t\t\t\t\t\t\t\t\t\t\t\t\t\t\t<a href=\"https:\/\/youtu.be\/hpI7lvhFO8A\" target=\"_blank\">\n\t\t\t\t\t\t\t<img decoding=\"async\" src=\"https:\/\/cpoproject.ca\/wp-content\/uploads\/elementor\/thumbs\/martyna-rhf7hnc2041ymg7twapbqrivwtg8ow3yrfeluohlhi.jpg\" title=\"martyna\" alt=\"martyna\" loading=\"lazy\" \/>\t\t\t\t\t\t\t\t<\/a>\n\t\t\t\t\t\t\t\t\t\t\t\t\t\t\t<\/div>\n\t\t\t\t<\/div>\n\t\t\t\t<div class=\"elementor-element elementor-element-6a97056 elementor-widget__width-initial elementor-widget elementor-widget-image\" data-id=\"6a97056\" data-element_type=\"widget\" data-e-type=\"widget\" data-widget_type=\"image.default\">\n\t\t\t\t<div class=\"elementor-widget-container\">\n\t\t\t\t\t\t\t\t\t\t\t\t\t\t\t\t<a href=\"https:\/\/youtu.be\/uTDqVUlXnBI\" target=\"_blank\">\n\t\t\t\t\t\t\t<img decoding=\"async\" src=\"https:\/\/cpoproject.ca\/wp-content\/uploads\/elementor\/thumbs\/Moira-rhf7huusyz39y5zpz0d2z93x2kcjcsaq4jfx7pspi6.jpg\" title=\"Moira\" alt=\"Moira\" loading=\"lazy\" \/>\t\t\t\t\t\t\t\t<\/a>\n\t\t\t\t\t\t\t\t\t\t\t\t\t\t\t<\/div>\n\t\t\t\t<\/div>\n\t\t\t\t<div class=\"elementor-element elementor-element-a7a8c2a elementor-widget elementor-widget-image\" data-id=\"a7a8c2a\" data-element_type=\"widget\" data-e-type=\"widget\" data-widget_type=\"image.default\">\n\t\t\t\t<div class=\"elementor-widget-container\">\n\t\t\t\t\t\t\t\t\t\t\t\t\t\t\t\t<a href=\"https:\/\/youtu.be\/OqEso7vY2oE\" target=\"_blank\">\n\t\t\t\t\t\t\t<img decoding=\"async\" src=\"https:\/\/cpoproject.ca\/wp-content\/uploads\/elementor\/thumbs\/anonymous1-rhf7hnc1opkjuslqbqxlbyrm316oha6wpuf0vjhd68.jpg\" title=\"anonymous1\" alt=\"anonymous1\" loading=\"lazy\" \/>\t\t\t\t\t\t\t\t<\/a>\n\t\t\t\t\t\t\t\t\t\t\t\t\t\t\t<\/div>\n\t\t\t\t<\/div>\n\t\t\t\t\t<\/div>\n\t\t\t\t<\/div>\n\t\t<div class=\"elementor-element elementor-element-6591fed e-flex e-con-boxed e-con e-parent\" data-id=\"6591fed\" data-element_type=\"container\" data-e-type=\"container\">\n\t\t\t\t\t<div class=\"e-con-inner\">\n\t\t\t\t<div class=\"elementor-element elementor-element-9e2cee2 elementor-widget__width-initial elementor-widget elementor-widget-text-editor\" data-id=\"9e2cee2\" data-element_type=\"widget\" data-e-type=\"widget\" data-widget_type=\"text-editor.default\">\n\t\t\t\t<div class=\"elementor-widget-container\">\n\t\t\t\t\t\t\t\t\t<p>Le projet Empowered Voices Storytelling a \u00e9t\u00e9 soutenu par une subvention d\u2019engagement communautaire et de mobilisation des connaissances du Edwin S.H. Leong Centre for Healthy Children \u00e0 The Hospital for Sick Children et de University of Toronto. Nous remercions les conteurs, dont Ashley Smoke, Mary Black, Martyna, Mel, and\u00a0Moira,\u00a0Coleen Rajotte pour la production de l\u2019histoire de Mary, Canarts Media pour son expertise en engagement communautaire et en application des connaissances.<\/p>\t\t\t\t\t\t\t\t<\/div>\n\t\t\t\t<\/div>\n\t\t\t\t\t<\/div>\n\t\t\t\t<\/div>\n\t\t<div class=\"elementor-element elementor-element-924d97c e-flex e-con-boxed e-con e-parent\" data-id=\"924d97c\" data-element_type=\"container\" data-e-type=\"container\">\n\t\t\t\t\t<div class=\"e-con-inner\">\n\t\t\t\t<div class=\"elementor-element elementor-element-4fe7ee9 elementor-widget elementor-widget-image\" data-id=\"4fe7ee9\" data-element_type=\"widget\" data-e-type=\"widget\" data-widget_type=\"image.default\">\n\t\t\t\t<div class=\"elementor-widget-container\">\n\t\t\t\t\t\t\t\t\t\t\t\t\t\t\t\t<a href=\"https:\/\/leongcentre.utoronto.ca\/\">\n\t\t\t\t\t\t\t<img decoding=\"async\" width=\"300\" height=\"59\" src=\"https:\/\/cpoproject.ca\/wp-content\/uploads\/2026\/01\/Leong_Logo_Blue-300x59.png\" class=\"attachment-medium size-medium wp-image-308\" alt=\"\" srcset=\"https:\/\/cpoproject.ca\/wp-content\/uploads\/2026\/01\/Leong_Logo_Blue-300x59.png 300w, https:\/\/cpoproject.ca\/wp-content\/uploads\/2026\/01\/Leong_Logo_Blue-1024x202.png 1024w, https:\/\/cpoproject.ca\/wp-content\/uploads\/2026\/01\/Leong_Logo_Blue-768x151.png 768w, https:\/\/cpoproject.ca\/wp-content\/uploads\/2026\/01\/Leong_Logo_Blue-18x4.png 18w, https:\/\/cpoproject.ca\/wp-content\/uploads\/2026\/01\/Leong_Logo_Blue.png 1275w\" sizes=\"(max-width: 300px) 100vw, 300px\" \/>\t\t\t\t\t\t\t\t<\/a>\n\t\t\t\t\t\t\t\t\t\t\t\t\t\t\t<\/div>\n\t\t\t\t<\/div>\n\t\t\t\t\t<\/div>\n\t\t\t\t<\/div>\n\t\t<div class=\"elementor-element elementor-element-d0e1cee e-flex e-con-boxed e-con e-parent\" data-id=\"d0e1cee\" data-element_type=\"container\" data-e-type=\"container\">\n\t\t\t\t\t<div class=\"e-con-inner\">\n\t\t\t\t<div class=\"elementor-element elementor-element-db016bd elementor-widget elementor-widget-image\" data-id=\"db016bd\" data-element_type=\"widget\" data-e-type=\"widget\" data-widget_type=\"image.default\">\n\t\t\t\t<div class=\"elementor-widget-container\">\n\t\t\t\t\t\t\t\t\t\t\t\t\t\t\t<img fetchpriority=\"high\" decoding=\"async\" width=\"208\" height=\"300\" src=\"https:\/\/cpoproject.ca\/wp-content\/uploads\/2026\/01\/CPOP-EV-208x300.jpg\" class=\"attachment-medium size-medium wp-image-307\" alt=\"\" srcset=\"https:\/\/cpoproject.ca\/wp-content\/uploads\/2026\/01\/CPOP-EV-208x300.jpg 208w, https:\/\/cpoproject.ca\/wp-content\/uploads\/2026\/01\/CPOP-EV-709x1024.jpg 709w, https:\/\/cpoproject.ca\/wp-content\/uploads\/2026\/01\/CPOP-EV-768x1109.jpg 768w, https:\/\/cpoproject.ca\/wp-content\/uploads\/2026\/01\/CPOP-EV-1064x1536.jpg 1064w, https:\/\/cpoproject.ca\/wp-content\/uploads\/2026\/01\/CPOP-EV-8x12.jpg 8w, https:\/\/cpoproject.ca\/wp-content\/uploads\/2026\/01\/CPOP-EV.jpg 1218w\" sizes=\"(max-width: 208px) 100vw, 208px\" \/>\t\t\t\t\t\t\t\t\t\t\t\t\t\t\t<\/div>\n\t\t\t\t<\/div>\n\t\t\t\t\t<\/div>\n\t\t\t\t<\/div>\n\t\t\t\t<\/div>","protected":false},"excerpt":{"rendered":"<p>Empowered Voices We\u2019re honored to uplift the voices of six individuals who used opioids or received treatment for opioid use disorder during pregnancy and while parenting. Their experiences highlight how stigma and barriers to care influence maternal health inequities and substance use. At the same time, their stories reflect the strength and resilience required to [&hellip;]<\/p>\n","protected":false},"author":2,"featured_media":0,"parent":0,"menu_order":0,"comment_status":"closed","ping_status":"closed","template":"","meta":{"footnotes":""},"class_list":["post-274","page","type-page","status-publish","hentry"],"aioseo_notices":[],"_links":{"self":[{"href":"https:\/\/cpoproject.ca\/fr\/wp-json\/wp\/v2\/pages\/274","targetHints":{"allow":["GET"]}}],"collection":[{"href":"https:\/\/cpoproject.ca\/fr\/wp-json\/wp\/v2\/pages"}],"about":[{"href":"https:\/\/cpoproject.ca\/fr\/wp-json\/wp\/v2\/types\/page"}],"author":[{"embeddable":true,"href":"https:\/\/cpoproject.ca\/fr\/wp-json\/wp\/v2\/users\/2"}],"replies":[{"embeddable":true,"href":"https:\/\/cpoproject.ca\/fr\/wp-json\/wp\/v2\/comments?post=274"}],"version-history":[{"count":0,"href":"https:\/\/cpoproject.ca\/fr\/wp-json\/wp\/v2\/pages\/274\/revisions"}],"wp:attachment":[{"href":"https:\/\/cpoproject.ca\/fr\/wp-json\/wp\/v2\/media?parent=274"}],"curies":[{"name":"wp","href":"https:\/\/api.w.org\/{rel}","templated":true}]}}