{"id":170,"date":"2025-04-24T21:31:41","date_gmt":"2025-04-24T21:31:41","guid":{"rendered":"https:\/\/cpoproject.ca\/?page_id=170"},"modified":"2025-05-07T13:42:32","modified_gmt":"2025-05-07T13:42:32","slug":"land-acknowledgements","status":"publish","type":"page","link":"https:\/\/cpoproject.ca\/fr\/land-acknowledgements\/","title":{"rendered":"Reconnaissance du territoire"},"content":{"rendered":"<div data-elementor-type=\"wp-page\" data-elementor-id=\"170\" class=\"elementor elementor-170\" data-elementor-post-type=\"page\">\n\t\t\t\t<div class=\"elementor-element elementor-element-079dea6 e-flex e-con-boxed e-con e-parent\" data-id=\"079dea6\" data-element_type=\"container\" data-e-type=\"container\">\n\t\t\t\t\t<div class=\"e-con-inner\">\n\t\t\t\t<div class=\"elementor-element elementor-element-9732ad6 elementor-widget elementor-widget-heading\" data-id=\"9732ad6\" data-element_type=\"widget\" data-e-type=\"widget\" data-widget_type=\"heading.default\">\n\t\t\t\t<div class=\"elementor-widget-container\">\n\t\t\t\t\t<h2 class=\"elementor-heading-title elementor-size-default\">Reconnaissance du territoire<\/h2>\t\t\t\t<\/div>\n\t\t\t\t<\/div>\n\t\t\t\t<div class=\"elementor-element elementor-element-d7b1128 elementor-widget elementor-widget-text-editor\" data-id=\"d7b1128\" data-element_type=\"widget\" data-e-type=\"widget\" data-widget_type=\"text-editor.default\">\n\t\t\t\t<div class=\"elementor-widget-container\">\n\t\t\t\t\t\t\t\t\t<p>Nous tenons \u00e0 reconna\u00eetre les terres traditionnelles sur lesquelles travaillent les membres de l\u2019\u00e9quipe de ce projet\u00a0:<\/p><p>L\u2019Universit\u00e9 de Toronto et l\u2019Hospital for Sick Children (SickKids) exercent leurs activit\u00e9s sur les terres traditionnelles des Premi\u00e8res Nations Huron-Wendat et Petun, des Seneca et des Mississaugas de Credit River.<\/p><p>L\u2019Universit\u00e9 du Manitoba exerce ses activit\u00e9s sur les terres d\u2019origine des Anishinaabeg, des Cris, des Ojibw\u00e9s-Cris, des Dakotas et des D\u00e9n\u00e9s, ainsi que sur le territoire national des M\u00e9tis de la rivi\u00e8re Rouge.<\/p><p>L\u2019Universit\u00e9 de la Saskatchewan exerce ses activit\u00e9s sur le Territoire du trait\u00e9 n\u00b0\u00a06 et sur la terre natale des M\u00e9tis.<\/p><p>L\u2019Universit\u00e9 de Calgary exerce ses activit\u00e9s sur les territoires traditionnels des peuples signataires du Trait\u00e9 n\u00b0\u00a07, \u00e0 savoir la conf\u00e9d\u00e9ration des Pieds-Noirs (compos\u00e9e des Premi\u00e8res Nations Siksika, Piikani et Kainai), la Premi\u00e8re Nation Tsuut'ina et la Stoney Nakoda (comprenant les Premi\u00e8res Nations Chiniki, Bearspaw et Goodstoney). L\u2019Universit\u00e9 de Calgary est situ\u00e9e au nord-ouest de l\u2019endroit o\u00f9 la rivi\u00e8re Bow rencontre la rivi\u00e8re Elbow, un site traditionnellement connu sous le nom de Moh'kins'tsis pour les Pieds-Noirs, W\u00eech\u00eespa pour les Stoney Nakoda, et Guts'ists'i pour les Tsuut'ina.<\/p><p>L\u2019Universit\u00e9 de la Colombie-Britannique exerce ses activit\u00e9s sur les terres des peuples Salish du littoral, notamment sur les territoires des nations xwm\u0259\u03b8kw\u0259y\u0313\u0259m (Musqueam), Skwxw\u00fa7mesh (Squamish) et St\u00f3:l\u014d et S\u0259l\u0313\u00edlw\u0259ta\u0294\/Selilwitulh (Tsleil-Waututh), ainsi que sur les peuples Syilx (Okanagan).<\/p><p>Nous respectons les trait\u00e9s conclus sur ces territoires, nous reconnaissons les pr\u00e9judices et les erreurs du pass\u00e9 et nous nous engageons \u00e0 aller de l\u2019avant en partenariat avec les communaut\u00e9s autochtones dans un esprit de r\u00e9conciliation et de collaboration. Aujourd\u2019hui, ces lieux de rencontre abritent encore de nombreux autochtones de toute l\u2019\u00eele de la Tortue, et nous sommes reconnaissants de pouvoir travailler sur ces terres.<\/p>\t\t\t\t\t\t\t\t<\/div>\n\t\t\t\t<\/div>\n\t\t\t\t<div class=\"elementor-element elementor-element-8323658 elementor-widget elementor-widget-image\" data-id=\"8323658\" data-element_type=\"widget\" data-e-type=\"widget\" data-widget_type=\"image.default\">\n\t\t\t\t<div class=\"elementor-widget-container\">\n\t\t\t\t\t\t\t\t\t\t\t\t\t\t\t<img fetchpriority=\"high\" decoding=\"async\" width=\"500\" height=\"531\" src=\"https:\/\/cpoproject.ca\/wp-content\/uploads\/2025\/03\/Heart.png\" class=\"attachment-large size-large wp-image-55\" alt=\"\" srcset=\"https:\/\/cpoproject.ca\/wp-content\/uploads\/2025\/03\/Heart.png 500w, https:\/\/cpoproject.ca\/wp-content\/uploads\/2025\/03\/Heart-282x300.png 282w\" sizes=\"(max-width: 500px) 100vw, 500px\" \/>\t\t\t\t\t\t\t\t\t\t\t\t\t\t\t<\/div>\n\t\t\t\t<\/div>\n\t\t\t\t\t<\/div>\n\t\t\t\t<\/div>\n\t\t\t\t<\/div>","protected":false},"excerpt":{"rendered":"<p>Land Acknowledgements We wish to acknowledge the traditional land that team members for this project work on: The University of Toronto and the Hospital for Sick Children (SickKids) operate on the traditional land of the Huron-Wendat and Petun First Nations, the Seneca, and the Mississaugas of the Credit River. The University of Manitoba operates on [&hellip;]<\/p>\n","protected":false},"author":1,"featured_media":0,"parent":0,"menu_order":0,"comment_status":"closed","ping_status":"closed","template":"","meta":{"footnotes":""},"class_list":["post-170","page","type-page","status-publish","hentry"],"aioseo_notices":[],"_links":{"self":[{"href":"https:\/\/cpoproject.ca\/fr\/wp-json\/wp\/v2\/pages\/170","targetHints":{"allow":["GET"]}}],"collection":[{"href":"https:\/\/cpoproject.ca\/fr\/wp-json\/wp\/v2\/pages"}],"about":[{"href":"https:\/\/cpoproject.ca\/fr\/wp-json\/wp\/v2\/types\/page"}],"author":[{"embeddable":true,"href":"https:\/\/cpoproject.ca\/fr\/wp-json\/wp\/v2\/users\/1"}],"replies":[{"embeddable":true,"href":"https:\/\/cpoproject.ca\/fr\/wp-json\/wp\/v2\/comments?post=170"}],"version-history":[{"count":0,"href":"https:\/\/cpoproject.ca\/fr\/wp-json\/wp\/v2\/pages\/170\/revisions"}],"wp:attachment":[{"href":"https:\/\/cpoproject.ca\/fr\/wp-json\/wp\/v2\/media?parent=170"}],"curies":[{"name":"wp","href":"https:\/\/api.w.org\/{rel}","templated":true}]}}