{"id":155,"date":"2025-04-24T19:35:46","date_gmt":"2025-04-24T19:35:46","guid":{"rendered":"https:\/\/cpoproject.ca\/?page_id=155"},"modified":"2025-05-07T13:59:38","modified_gmt":"2025-05-07T13:59:38","slug":"reshma-patel-2","status":"publish","type":"page","link":"https:\/\/cpoproject.ca\/fr\/meet-our-team\/reshma-patel-2\/","title":{"rendered":"Reshma Patel"},"content":{"rendered":"<div data-elementor-type=\"wp-page\" data-elementor-id=\"155\" class=\"elementor elementor-155\" data-elementor-post-type=\"page\">\n\t\t\t\t<div class=\"elementor-element elementor-element-6cc8cf31 e-flex e-con-boxed e-con e-parent\" data-id=\"6cc8cf31\" data-element_type=\"container\" data-e-type=\"container\">\n\t\t\t\t\t<div class=\"e-con-inner\">\n\t\t\t\t<div class=\"elementor-element elementor-element-5668ffeb elementor-widget elementor-widget-heading\" data-id=\"5668ffeb\" data-element_type=\"widget\" data-e-type=\"widget\" data-widget_type=\"heading.default\">\n\t\t\t\t<div class=\"elementor-widget-container\">\n\t\t\t\t\t<h2 class=\"elementor-heading-title elementor-size-default\">Reshma Patel <\/h2>\t\t\t\t<\/div>\n\t\t\t\t<\/div>\n\t\t\t\t<div class=\"elementor-element elementor-element-37166e3c elementor-widget elementor-widget-image\" data-id=\"37166e3c\" data-element_type=\"widget\" data-e-type=\"widget\" data-widget_type=\"image.default\">\n\t\t\t\t<div class=\"elementor-widget-container\">\n\t\t\t\t\t\t\t\t\t\t\t\t\t\t\t<img fetchpriority=\"high\" decoding=\"async\" width=\"349\" height=\"349\" src=\"https:\/\/cpoproject.ca\/wp-content\/uploads\/2025\/04\/reshma-patel.jpg\" class=\"attachment-large size-large wp-image-139\" alt=\"\" srcset=\"https:\/\/cpoproject.ca\/wp-content\/uploads\/2025\/04\/reshma-patel.jpg 349w, https:\/\/cpoproject.ca\/wp-content\/uploads\/2025\/04\/reshma-patel-300x300.jpg 300w, https:\/\/cpoproject.ca\/wp-content\/uploads\/2025\/04\/reshma-patel-150x150.jpg 150w\" sizes=\"(max-width: 349px) 100vw, 349px\" \/>\t\t\t\t\t\t\t\t\t\t\t\t\t\t\t<\/div>\n\t\t\t\t<\/div>\n\t\t\t\t<div class=\"elementor-element elementor-element-61630e26 elementor-widget elementor-widget-heading\" data-id=\"61630e26\" data-element_type=\"widget\" data-e-type=\"widget\" data-widget_type=\"heading.default\">\n\t\t\t\t<div class=\"elementor-widget-container\">\n\t\t\t\t\t<p class=\"elementor-heading-title elementor-size-default\">Coordinatrice de recherche<\/p>\t\t\t\t<\/div>\n\t\t\t\t<\/div>\n\t\t\t\t<div class=\"elementor-element elementor-element-54d735ce elementor-shape-circle elementor-grid-0 e-grid-align-center elementor-widget elementor-widget-social-icons\" data-id=\"54d735ce\" data-element_type=\"widget\" data-e-type=\"widget\" data-widget_type=\"social-icons.default\">\n\t\t\t\t<div class=\"elementor-widget-container\">\n\t\t\t\t\t\t\t<div class=\"elementor-social-icons-wrapper elementor-grid\">\n\t\t\t\t\t\t\t<span class=\"elementor-grid-item\">\n\t\t\t\t\t<a class=\"elementor-icon elementor-social-icon elementor-social-icon-linkedin elementor-repeater-item-4a2ffdc\" href=\"http:\/\/www.linkedin.com\/in\/reshma-patel-\" target=\"_blank\">\n\t\t\t\t\t\t<span class=\"elementor-screen-only\">Linkedin<\/span>\n\t\t\t\t\t\t<svg aria-hidden=\"true\" class=\"e-font-icon-svg e-fab-linkedin\" viewbox=\"0 0 448 512\" xmlns=\"http:\/\/www.w3.org\/2000\/svg\"><path d=\"M416 32H31.9C14.3 32 0 46.5 0 64.3v383.4C0 465.5 14.3 480 31.9 480H416c17.6 0 32-14.5 32-32.3V64.3c0-17.8-14.4-32.3-32-32.3zM135.4 416H69V202.2h66.5V416zm-33.2-243c-21.3 0-38.5-17.3-38.5-38.5S80.9 96 102.2 96c21.2 0 38.5 17.3 38.5 38.5 0 21.3-17.2 38.5-38.5 38.5zm282.1 243h-66.4V312c0-24.8-.5-56.7-34.5-56.7-34.6 0-39.9 27-39.9 54.9V416h-66.4V202.2h63.7v29.2h.9c8.9-16.8 30.6-34.5 62.9-34.5 67.2 0 79.7 44.3 79.7 101.9V416z\"><\/path><\/svg>\t\t\t\t\t<\/a>\n\t\t\t\t<\/span>\n\t\t\t\t\t<\/div>\n\t\t\t\t\t\t<\/div>\n\t\t\t\t<\/div>\n\t\t\t\t<div class=\"elementor-element elementor-element-72632eaa elementor-widget elementor-widget-text-editor\" data-id=\"72632eaa\" data-element_type=\"widget\" data-e-type=\"widget\" data-widget_type=\"text-editor.default\">\n\t\t\t\t<div class=\"elementor-widget-container\">\n\t\t\t\t\t\t\t\t\tReshma Patel est \u00e9tudiante en promotion de la sant\u00e9 \u00e0 la Dalla Lana School of Public Health et \u00e9tudiante chercheuse de cycle sup\u00e9rieur \u00e0 l\u2019Edwin S.H. Leong\u00a0Centre for Healthy Children. Sous la supervision de la Dre Astrid\u00a0Guttmann et de la Dre Andi Camden, elle contribue \u00e0 une \u00e9tude Delphi visant \u00e0 cerner des indicateurs de surveillance de base pour le d\u00e9veloppement du Projet canadien sur les opio\u00efdes en p\u00e9riode p\u00e9rinatale. Reshma est titulaire d\u2019un baccalaur\u00e9at en \u00e9tudes de sant\u00e9 de l\u2019Universit\u00e9 de Waterloo et poss\u00e8de une exp\u00e9rience de la recherche dans divers domaines de la promotion de la sant\u00e9, notamment les interventions \u00e0 plusieurs niveaux pour la pr\u00e9vention du diab\u00e8te de type\u00a02 et le bien-\u00eatre sur le lieu de travail pendant la pand\u00e9mie de COVID-19.\t\t\t\t\t\t\t\t<\/div>\n\t\t\t\t<\/div>\n\t\t\t\t\t<\/div>\n\t\t\t\t<\/div>\n\t\t\t\t<\/div>","protected":false},"excerpt":{"rendered":"<p>Reshma Patel Trainee Linkedin Reshma Patel is a Health Promotion MPH student at the Dalla Lana School of Public Health and a graduate student researcher at the Edwin S.H. Leong Centre for Healthy Children. Under the supervision of Dr. Astrid Guttmann and Dr. Andi Camden, she is contributing to a Delphi study to identify core [&hellip;]<\/p>\n","protected":false},"author":1,"featured_media":0,"parent":134,"menu_order":0,"comment_status":"closed","ping_status":"closed","template":"","meta":{"footnotes":""},"class_list":["post-155","page","type-page","status-publish","hentry"],"aioseo_notices":[],"_links":{"self":[{"href":"https:\/\/cpoproject.ca\/fr\/wp-json\/wp\/v2\/pages\/155","targetHints":{"allow":["GET"]}}],"collection":[{"href":"https:\/\/cpoproject.ca\/fr\/wp-json\/wp\/v2\/pages"}],"about":[{"href":"https:\/\/cpoproject.ca\/fr\/wp-json\/wp\/v2\/types\/page"}],"author":[{"embeddable":true,"href":"https:\/\/cpoproject.ca\/fr\/wp-json\/wp\/v2\/users\/1"}],"replies":[{"embeddable":true,"href":"https:\/\/cpoproject.ca\/fr\/wp-json\/wp\/v2\/comments?post=155"}],"version-history":[{"count":0,"href":"https:\/\/cpoproject.ca\/fr\/wp-json\/wp\/v2\/pages\/155\/revisions"}],"up":[{"embeddable":true,"href":"https:\/\/cpoproject.ca\/fr\/wp-json\/wp\/v2\/pages\/134"}],"wp:attachment":[{"href":"https:\/\/cpoproject.ca\/fr\/wp-json\/wp\/v2\/media?parent=155"}],"curies":[{"name":"wp","href":"https:\/\/api.w.org\/{rel}","templated":true}]}}