{"id":152,"date":"2025-04-24T19:30:34","date_gmt":"2025-04-24T19:30:34","guid":{"rendered":"https:\/\/cpoproject.ca\/?page_id=152"},"modified":"2025-05-07T13:58:56","modified_gmt":"2025-05-07T13:58:56","slug":"dr-nazeem-muhajarine","status":"publish","type":"page","link":"https:\/\/cpoproject.ca\/fr\/meet-our-team\/dr-nazeem-muhajarine\/","title":{"rendered":"Dr Nazeem Muhajarine"},"content":{"rendered":"<div data-elementor-type=\"wp-page\" data-elementor-id=\"152\" class=\"elementor elementor-152\" data-elementor-post-type=\"page\">\n\t\t\t\t<div class=\"elementor-element elementor-element-603c63b9 e-flex e-con-boxed e-con e-parent\" data-id=\"603c63b9\" data-element_type=\"container\" data-e-type=\"container\">\n\t\t\t\t\t<div class=\"e-con-inner\">\n\t\t\t\t<div class=\"elementor-element elementor-element-43f351ce elementor-widget elementor-widget-heading\" data-id=\"43f351ce\" data-element_type=\"widget\" data-e-type=\"widget\" data-widget_type=\"heading.default\">\n\t\t\t\t<div class=\"elementor-widget-container\">\n\t\t\t\t\t<h2 class=\"elementor-heading-title elementor-size-default\">Dr Nazeem Muhajarine<\/h2>\t\t\t\t<\/div>\n\t\t\t\t<\/div>\n\t\t\t\t<div class=\"elementor-element elementor-element-37a48d92 elementor-widget elementor-widget-image\" data-id=\"37a48d92\" data-element_type=\"widget\" data-e-type=\"widget\" data-widget_type=\"image.default\">\n\t\t\t\t<div class=\"elementor-widget-container\">\n\t\t\t\t\t\t\t\t\t\t\t\t\t\t\t<img fetchpriority=\"high\" decoding=\"async\" width=\"800\" height=\"800\" src=\"https:\/\/cpoproject.ca\/wp-content\/uploads\/2025\/03\/Dr.-Nazeem-Muhajarine.png\" class=\"attachment-large size-large wp-image-47\" alt=\"\" srcset=\"https:\/\/cpoproject.ca\/wp-content\/uploads\/2025\/03\/Dr.-Nazeem-Muhajarine.png 1000w, https:\/\/cpoproject.ca\/wp-content\/uploads\/2025\/03\/Dr.-Nazeem-Muhajarine-300x300.png 300w, https:\/\/cpoproject.ca\/wp-content\/uploads\/2025\/03\/Dr.-Nazeem-Muhajarine-150x150.png 150w, https:\/\/cpoproject.ca\/wp-content\/uploads\/2025\/03\/Dr.-Nazeem-Muhajarine-768x768.png 768w\" sizes=\"(max-width: 800px) 100vw, 800px\" \/>\t\t\t\t\t\t\t\t\t\t\t\t\t\t\t<\/div>\n\t\t\t\t<\/div>\n\t\t\t\t<div class=\"elementor-element elementor-element-28b6c1fb elementor-widget elementor-widget-heading\" data-id=\"28b6c1fb\" data-element_type=\"widget\" data-e-type=\"widget\" data-widget_type=\"heading.default\">\n\t\t\t\t<div class=\"elementor-widget-container\">\n\t\t\t\t\t<p class=\"elementor-heading-title elementor-size-default\">Co-chercheur<\/p>\t\t\t\t<\/div>\n\t\t\t\t<\/div>\n\t\t\t\t<div class=\"elementor-element elementor-element-26c3cc36 elementor-shape-circle elementor-grid-0 e-grid-align-center elementor-widget elementor-widget-social-icons\" data-id=\"26c3cc36\" data-element_type=\"widget\" data-e-type=\"widget\" data-widget_type=\"social-icons.default\">\n\t\t\t\t<div class=\"elementor-widget-container\">\n\t\t\t\t\t\t\t<div class=\"elementor-social-icons-wrapper elementor-grid\" role=\"list\">\n\t\t\t\t\t\t\t<span class=\"elementor-grid-item\" role=\"listitem\">\n\t\t\t\t\t<a class=\"elementor-icon elementor-social-icon elementor-social-icon-linkedin elementor-repeater-item-4a2ffdc\" href=\"https:\/\/ca.linkedin.com\/in\/nazeem-muhajarine-phd-fcahs-23081619%20\" target=\"_blank\">\n\t\t\t\t\t\t<span class=\"elementor-screen-only\">Linkedin<\/span>\n\t\t\t\t\t\t<svg aria-hidden=\"true\" class=\"e-font-icon-svg e-fab-linkedin\" viewbox=\"0 0 448 512\" xmlns=\"http:\/\/www.w3.org\/2000\/svg\"><path d=\"M416 32H31.9C14.3 32 0 46.5 0 64.3v383.4C0 465.5 14.3 480 31.9 480H416c17.6 0 32-14.5 32-32.3V64.3c0-17.8-14.4-32.3-32-32.3zM135.4 416H69V202.2h66.5V416zm-33.2-243c-21.3 0-38.5-17.3-38.5-38.5S80.9 96 102.2 96c21.2 0 38.5 17.3 38.5 38.5 0 21.3-17.2 38.5-38.5 38.5zm282.1 243h-66.4V312c0-24.8-.5-56.7-34.5-56.7-34.6 0-39.9 27-39.9 54.9V416h-66.4V202.2h63.7v29.2h.9c8.9-16.8 30.6-34.5 62.9-34.5 67.2 0 79.7 44.3 79.7 101.9V416z\"><\/path><\/svg>\t\t\t\t\t<\/a>\n\t\t\t\t<\/span>\n\t\t\t\t\t\t\t<span class=\"elementor-grid-item\" role=\"listitem\">\n\t\t\t\t\t<a class=\"elementor-icon elementor-social-icon elementor-social-icon-google elementor-repeater-item-f9c6e60\" href=\"https:\/\/scholar.google.com\/citations?user=PtdEyQUAAAAJ&#038;hl=en&#038;oi=ao%20\" target=\"_blank\">\n\t\t\t\t\t\t<span class=\"elementor-screen-only\">Google<\/span>\n\t\t\t\t\t\t<svg aria-hidden=\"true\" class=\"e-font-icon-svg e-fab-google\" viewbox=\"0 0 488 512\" xmlns=\"http:\/\/www.w3.org\/2000\/svg\"><path d=\"M488 261.8C488 403.3 391.1 504 248 504 110.8 504 0 393.2 0 256S110.8 8 248 8c66.8 0 123 24.5 166.3 64.9l-67.5 64.9C258.5 52.6 94.3 116.6 94.3 256c0 86.5 69.1 156.6 153.7 156.6 98.2 0 135-70.4 140.8-106.9H248v-85.3h236.1c2.3 12.7 3.9 24.9 3.9 41.4z\"><\/path><\/svg>\t\t\t\t\t<\/a>\n\t\t\t\t<\/span>\n\t\t\t\t\t<\/div>\n\t\t\t\t\t\t<\/div>\n\t\t\t\t<\/div>\n\t\t\t\t<div class=\"elementor-element elementor-element-4415ce2d elementor-widget elementor-widget-text-editor\" data-id=\"4415ce2d\" data-element_type=\"widget\" data-e-type=\"widget\" data-widget_type=\"text-editor.default\">\n\t\t\t\t<div class=\"elementor-widget-container\">\n\t\t\t\t\t\t\t\t\t<p>Le Dr Nazeem Muhajarine est professeur de sant\u00e9 communautaire et d\u2019\u00e9pid\u00e9miologie \u00e0 l\u2019Universit\u00e9 de Saskatchewan et directeur de la Saskatchewan Population Health and Evaluation Research\u00a0Unit (SPHERU). Nazeem est un \u00e9pid\u00e9miologiste social sp\u00e9cialis\u00e9 dans la recherche interventionnelle sur la sant\u00e9 des populations, la sant\u00e9 maternelle, la sant\u00e9 infantile, le lieu et la sant\u00e9. Il dirige un projet majeur dans le domaine de la sant\u00e9 et des droits sexuels et de la reproduction au Mozambique. Il est \u00e9galement l\u2019ancien codirecteur (universitaire) et membre fondateur du Community-University\u00a0Institute for Social Research de l\u2019Universit\u00e9 de Saskatchewan. Nazeem poss\u00e8de une vaste exp\u00e9rience de la recherche universitaire, une expertise en mati\u00e8re de recherche quantitative et d\u2019\u00e9valuation, ainsi qu\u2019une connaissance approfondie et un engagement \u00e0 mener des recherches qui font la diff\u00e9rence pour les jeunes enfants de la Saskatchewan, leurs familles, leurs quartiers et l\u2019ensemble de la communaut\u00e9.<\/p>\t\t\t\t\t\t\t\t<\/div>\n\t\t\t\t<\/div>\n\t\t\t\t\t<\/div>\n\t\t\t\t<\/div>\n\t\t\t\t<\/div>","protected":false},"excerpt":{"rendered":"<p>Dr. Nazeem Muhajarine Co-investigator Linkedin Google Dr. Nazeem Muhajarine is Professor, Community Health and Epidemiology, University of Saskatchewan, and Director, Saskatchewan Population Health and Evaluation Research Unit (SPHERU). Nazeem is a social epidemiologist who specializes in population health intervention research, maternal health, child health, and place and health. He leads a major project in Sexual [&hellip;]<\/p>\n","protected":false},"author":1,"featured_media":0,"parent":134,"menu_order":0,"comment_status":"closed","ping_status":"closed","template":"","meta":{"footnotes":""},"class_list":["post-152","page","type-page","status-publish","hentry"],"aioseo_notices":[],"_links":{"self":[{"href":"https:\/\/cpoproject.ca\/fr\/wp-json\/wp\/v2\/pages\/152","targetHints":{"allow":["GET"]}}],"collection":[{"href":"https:\/\/cpoproject.ca\/fr\/wp-json\/wp\/v2\/pages"}],"about":[{"href":"https:\/\/cpoproject.ca\/fr\/wp-json\/wp\/v2\/types\/page"}],"author":[{"embeddable":true,"href":"https:\/\/cpoproject.ca\/fr\/wp-json\/wp\/v2\/users\/1"}],"replies":[{"embeddable":true,"href":"https:\/\/cpoproject.ca\/fr\/wp-json\/wp\/v2\/comments?post=152"}],"version-history":[{"count":0,"href":"https:\/\/cpoproject.ca\/fr\/wp-json\/wp\/v2\/pages\/152\/revisions"}],"up":[{"embeddable":true,"href":"https:\/\/cpoproject.ca\/fr\/wp-json\/wp\/v2\/pages\/134"}],"wp:attachment":[{"href":"https:\/\/cpoproject.ca\/fr\/wp-json\/wp\/v2\/media?parent=152"}],"curies":[{"name":"wp","href":"https:\/\/api.w.org\/{rel}","templated":true}]}}