{"id":110,"date":"2025-04-24T15:52:58","date_gmt":"2025-04-24T15:52:58","guid":{"rendered":"https:\/\/cpoproject.ca\/?page_id=110"},"modified":"2025-05-07T14:09:05","modified_gmt":"2025-05-07T14:09:05","slug":"research-focus","status":"publish","type":"page","link":"https:\/\/cpoproject.ca\/fr\/research-focus\/","title":{"rendered":"Nos axes de recherche"},"content":{"rendered":"<div data-elementor-type=\"wp-page\" data-elementor-id=\"110\" class=\"elementor elementor-110\" data-elementor-post-type=\"page\">\n\t\t\t\t<div class=\"elementor-element elementor-element-4ea730a e-flex e-con-boxed e-con e-parent\" data-id=\"4ea730a\" data-element_type=\"container\" data-e-type=\"container\">\n\t\t\t\t\t<div class=\"e-con-inner\">\n\t\t\t\t<div class=\"elementor-element elementor-element-ded27ca elementor-widget elementor-widget-heading\" data-id=\"ded27ca\" data-element_type=\"widget\" data-e-type=\"widget\" data-widget_type=\"heading.default\">\n\t\t\t\t<div class=\"elementor-widget-container\">\n\t\t\t\t\t<h2 class=\"elementor-heading-title elementor-size-default\">Nos axes de recherche<\/h2>\t\t\t\t<\/div>\n\t\t\t\t<\/div>\n\t\t\t\t<div class=\"elementor-element elementor-element-be15ae5 elementor-widget elementor-widget-text-editor\" data-id=\"be15ae5\" data-element_type=\"widget\" data-e-type=\"widget\" data-widget_type=\"text-editor.default\">\n\t\t\t\t<div class=\"elementor-widget-container\">\n\t\t\t\t\t\t\t\t\tNous comblons les lacunes critiques en mati\u00e8re des connaissances gr\u00e2ce \u00e0 des recherches cibl\u00e9es dans le cadre du PCOPP. Restez \u00e0 l\u2019\u00e9coute alors que nous explorons les habitudes de prescription d\u2019opio\u00efdes, l\u2019effet de la consommation d\u2019opio\u00efdes pendant la grossesse sur la sant\u00e9 maternelle et infantile et le r\u00f4le des d\u00e9terminants sociaux dans la consommation d\u2019opio\u00efdes.\t\t\t\t\t\t\t\t<\/div>\n\t\t\t\t<\/div>\n\t\t\t\t<div class=\"elementor-element elementor-element-edae711 elementor-widget elementor-widget-image\" data-id=\"edae711\" data-element_type=\"widget\" data-e-type=\"widget\" data-widget_type=\"image.default\">\n\t\t\t\t<div class=\"elementor-widget-container\">\n\t\t\t\t\t\t\t\t\t\t\t\t\t\t\t<img fetchpriority=\"high\" decoding=\"async\" width=\"500\" height=\"531\" src=\"https:\/\/cpoproject.ca\/wp-content\/uploads\/2025\/03\/Heart.png\" class=\"attachment-large size-large wp-image-55\" alt=\"\" srcset=\"https:\/\/cpoproject.ca\/wp-content\/uploads\/2025\/03\/Heart.png 500w, https:\/\/cpoproject.ca\/wp-content\/uploads\/2025\/03\/Heart-282x300.png 282w\" sizes=\"(max-width: 500px) 100vw, 500px\" \/>\t\t\t\t\t\t\t\t\t\t\t\t\t\t\t<\/div>\n\t\t\t\t<\/div>\n\t\t\t\t<div class=\"elementor-element elementor-element-d14723c elementor-widget elementor-widget-heading\" data-id=\"d14723c\" data-element_type=\"widget\" data-e-type=\"widget\" data-widget_type=\"heading.default\">\n\t\t\t\t<div class=\"elementor-widget-container\">\n\t\t\t\t\t<h1 class=\"elementor-heading-title elementor-size-default\">COMBLER LES LACUNES DE LA CONNAISSANCE<\/h1>\t\t\t\t<\/div>\n\t\t\t\t<\/div>\n\t\t\t\t<div class=\"elementor-element elementor-element-45d150b elementor-widget elementor-widget-heading\" data-id=\"45d150b\" data-element_type=\"widget\" data-e-type=\"widget\" data-widget_type=\"heading.default\">\n\t\t\t\t<div class=\"elementor-widget-container\">\n\t\t\t\t\t<h3 class=\"elementor-heading-title elementor-size-default\">Explorer les tendances, les r\u00e9percussions et les d\u00e9terminants sociaux de la consommation d\u2019opio\u00efdes<\/h3>\t\t\t\t<\/div>\n\t\t\t\t<\/div>\n\t\t\t\t<div class=\"elementor-element elementor-element-94cd760 elementor-widget elementor-widget-text-editor\" data-id=\"94cd760\" data-element_type=\"widget\" data-e-type=\"widget\" data-widget_type=\"text-editor.default\">\n\t\t\t\t<div class=\"elementor-widget-container\">\n\t\t\t\t\t\t\t\t\tNous avons ax\u00e9 nos recherches sur les lacunes importantes en mati\u00e8re de connaissances. En utilisant les donn\u00e9es disponibles dans le cadre du PCOPP, nous visons \u00e0 \u00e9tudier ce qui suit\u00a0:\t\t\t\t\t\t\t\t<\/div>\n\t\t\t\t<\/div>\n\t\t\t\t\t<\/div>\n\t\t\t\t<\/div>\n\t\t<div class=\"elementor-element elementor-element-9a353f0 e-con-full e-flex e-con e-child\" data-id=\"9a353f0\" data-element_type=\"container\" data-e-type=\"container\">\n\t\t<div class=\"elementor-element elementor-element-2ddd3ce e-con-full e-flex e-con e-child\" data-id=\"2ddd3ce\" data-element_type=\"container\" data-e-type=\"container\" data-settings=\"{&quot;background_background&quot;:&quot;classic&quot;}\">\n\t\t\t\t<div class=\"elementor-element elementor-element-9c42245 elementor-widget elementor-widget-heading\" data-id=\"9c42245\" data-element_type=\"widget\" data-e-type=\"widget\" data-widget_type=\"heading.default\">\n\t\t\t\t<div class=\"elementor-widget-container\">\n\t\t\t\t\t<h4 class=\"elementor-heading-title elementor-size-default\">les modes de prescription des opio\u00efdes<\/h4>\t\t\t\t<\/div>\n\t\t\t\t<\/div>\n\t\t\t\t<div class=\"elementor-element elementor-element-668ffd2 elementor-widget elementor-widget-heading\" data-id=\"668ffd2\" data-element_type=\"widget\" data-e-type=\"widget\" data-widget_type=\"heading.default\">\n\t\t\t\t<div class=\"elementor-widget-container\">\n\t\t\t\t\t<p class=\"elementor-heading-title elementor-size-default\">Nous surveillerons le type d\u2019exposition aux opio\u00efdes (douleur, traitement d\u2019un trouble li\u00e9 \u00e0 l\u2019utilisation d\u2019opio\u00efdes, utilisation non r\u00e9glement\u00e9e), le moment, la dur\u00e9e et la dose pendant la grossesse et l\u2019ann\u00e9e qui suit la grossesse.<\/p>\t\t\t\t<\/div>\n\t\t\t\t<\/div>\n\t\t\t\t<\/div>\n\t\t<div class=\"elementor-element elementor-element-fefaec9 e-con-full e-flex e-con e-child\" data-id=\"fefaec9\" data-element_type=\"container\" data-e-type=\"container\" data-settings=\"{&quot;background_background&quot;:&quot;classic&quot;}\">\n\t\t\t\t<div class=\"elementor-element elementor-element-75055e2 elementor-widget elementor-widget-heading\" data-id=\"75055e2\" data-element_type=\"widget\" data-e-type=\"widget\" data-widget_type=\"heading.default\">\n\t\t\t\t<div class=\"elementor-widget-container\">\n\t\t\t\t\t<h4 class=\"elementor-heading-title elementor-size-default\">D\u00e9terminants sociaux de la consommation d\u2019opio\u00efdes<\/h4>\t\t\t\t<\/div>\n\t\t\t\t<\/div>\n\t\t\t\t<div class=\"elementor-element elementor-element-0e18f7c elementor-widget elementor-widget-heading\" data-id=\"0e18f7c\" data-element_type=\"widget\" data-e-type=\"widget\" data-widget_type=\"heading.default\">\n\t\t\t\t<div class=\"elementor-widget-container\">\n\t\t\t\t\t<p class=\"elementor-heading-title elementor-size-default\">Nous \u00e9tudierons les d\u00e9terminants sociaux importants de la sant\u00e9 (p. ex., l\u2019\u00e2ge, les d\u00e9savantages sociaux, la g\u00e9ographie) des personnes expos\u00e9es aux opio\u00efdes en p\u00e9riode p\u00e9rinatale.<\/p>\t\t\t\t<\/div>\n\t\t\t\t<\/div>\n\t\t\t\t<\/div>\n\t\t<div class=\"elementor-element elementor-element-00fb431 e-con-full e-flex e-con e-child\" data-id=\"00fb431\" data-element_type=\"container\" data-e-type=\"container\" data-settings=\"{&quot;background_background&quot;:&quot;classic&quot;}\">\n\t\t\t\t<div class=\"elementor-element elementor-element-8c412df elementor-widget elementor-widget-heading\" data-id=\"8c412df\" data-element_type=\"widget\" data-e-type=\"widget\" data-widget_type=\"heading.default\">\n\t\t\t\t<div class=\"elementor-widget-container\">\n\t\t\t\t\t<h4 class=\"elementor-heading-title elementor-size-default\">R\u00e9sultats en mati\u00e8re de sant\u00e9 maternelle<\/h4>\t\t\t\t<\/div>\n\t\t\t\t<\/div>\n\t\t\t\t<div class=\"elementor-element elementor-element-47f70d7 elementor-widget elementor-widget-heading\" data-id=\"47f70d7\" data-element_type=\"widget\" data-e-type=\"widget\" data-widget_type=\"heading.default\">\n\t\t\t\t<div class=\"elementor-widget-container\">\n\t\t\t\t\t<p class=\"elementor-heading-title elementor-size-default\">Nous examinerons l\u2019incidence de la consommation d\u2019opio\u00efdes en p\u00e9riode p\u00e9rinatale sur les r\u00e9sultats en mati\u00e8re de sant\u00e9 maternelle (toxicit\u00e9, d\u00e9c\u00e8s, violence, maladies chroniques, sant\u00e9 mentale, utilisation de plusieurs m\u00e9dicaments).<\/p>\t\t\t\t<\/div>\n\t\t\t\t<\/div>\n\t\t\t\t<\/div>\n\t\t<div class=\"elementor-element elementor-element-484a558 e-con-full e-flex e-con e-child\" data-id=\"484a558\" data-element_type=\"container\" data-e-type=\"container\" data-settings=\"{&quot;background_background&quot;:&quot;classic&quot;}\">\n\t\t\t\t<div class=\"elementor-element elementor-element-99e57cb elementor-widget elementor-widget-heading\" data-id=\"99e57cb\" data-element_type=\"widget\" data-e-type=\"widget\" data-widget_type=\"heading.default\">\n\t\t\t\t<div class=\"elementor-widget-container\">\n\t\t\t\t\t<h4 class=\"elementor-heading-title elementor-size-default\">R\u00e9sultats en mati\u00e8re de sant\u00e9 et de d\u00e9veloppement de l\u2019enfant<\/h4>\t\t\t\t<\/div>\n\t\t\t\t<\/div>\n\t\t\t\t<div class=\"elementor-element elementor-element-ecbafdb elementor-widget elementor-widget-heading\" data-id=\"ecbafdb\" data-element_type=\"widget\" data-e-type=\"widget\" data-widget_type=\"heading.default\">\n\t\t\t\t<div class=\"elementor-widget-container\">\n\t\t\t\t\t<p class=\"elementor-heading-title elementor-size-default\">Nous \u00e9tudierons les r\u00e9sultats en mati\u00e8re de sant\u00e9 des enfants de la naissance \u00e0 l\u2019\u00e2ge de huit ans (p.\u00a0ex., sant\u00e9 n\u00e9onatale, soins de sant\u00e9 pr\u00e9ventifs, troubles du d\u00e9veloppement neurologique, d\u00e9veloppement pr\u00e9coce, vision\/sant\u00e9 oculaire).<\/p>\t\t\t\t<\/div>\n\t\t\t\t<\/div>\n\t\t\t\t<\/div>\n\t\t\t\t<\/div>\n\t\t<div class=\"elementor-element elementor-element-913e3d0 e-flex e-con-boxed e-con e-parent\" data-id=\"913e3d0\" data-element_type=\"container\" data-e-type=\"container\">\n\t\t\t\t\t<div class=\"e-con-inner\">\n\t\t\t\t<div class=\"elementor-element elementor-element-b9d44cd elementor-widget elementor-widget-heading\" data-id=\"b9d44cd\" data-element_type=\"widget\" data-e-type=\"widget\" data-widget_type=\"heading.default\">\n\t\t\t\t<div class=\"elementor-widget-container\">\n\t\t\t\t\t<h3 class=\"elementor-heading-title elementor-size-default\">Ne manquez pas les documents de recherche, les rapports et les infographies sur ces sujets!<\/h3>\t\t\t\t<\/div>\n\t\t\t\t<\/div>\n\t\t\t\t\t<\/div>\n\t\t\t\t<\/div>\n\t\t\t\t<\/div>","protected":false},"excerpt":{"rendered":"<p>Research Focus We\u2019re bridging critical knowledge gaps with focused research through CPOP. Stay tuned as we explore opioid prescribing patterns, the impact of perinatal opioid use on maternal and child health, and the role of social determinants in opioid use. BRIDGING THE KNOWLEDGE GAPS Exploring Patterns, Impacts, and Social Determinants of Opioid Use We\u2019ve focused [&hellip;]<\/p>\n","protected":false},"author":1,"featured_media":0,"parent":0,"menu_order":0,"comment_status":"closed","ping_status":"closed","template":"","meta":{"footnotes":""},"class_list":["post-110","page","type-page","status-publish","hentry"],"aioseo_notices":[],"_links":{"self":[{"href":"https:\/\/cpoproject.ca\/fr\/wp-json\/wp\/v2\/pages\/110","targetHints":{"allow":["GET"]}}],"collection":[{"href":"https:\/\/cpoproject.ca\/fr\/wp-json\/wp\/v2\/pages"}],"about":[{"href":"https:\/\/cpoproject.ca\/fr\/wp-json\/wp\/v2\/types\/page"}],"author":[{"embeddable":true,"href":"https:\/\/cpoproject.ca\/fr\/wp-json\/wp\/v2\/users\/1"}],"replies":[{"embeddable":true,"href":"https:\/\/cpoproject.ca\/fr\/wp-json\/wp\/v2\/comments?post=110"}],"version-history":[{"count":0,"href":"https:\/\/cpoproject.ca\/fr\/wp-json\/wp\/v2\/pages\/110\/revisions"}],"wp:attachment":[{"href":"https:\/\/cpoproject.ca\/fr\/wp-json\/wp\/v2\/media?parent=110"}],"curies":[{"name":"wp","href":"https:\/\/api.w.org\/{rel}","templated":true}]}}