{"id":106,"date":"2025-04-23T18:40:59","date_gmt":"2025-04-23T18:40:59","guid":{"rendered":"https:\/\/cpoproject.ca\/?page_id=106"},"modified":"2025-05-07T13:44:35","modified_gmt":"2025-05-07T13:44:35","slug":"data","status":"publish","type":"page","link":"https:\/\/cpoproject.ca\/fr\/data\/","title":{"rendered":"Donn\u00e9es"},"content":{"rendered":"<div data-elementor-type=\"wp-page\" data-elementor-id=\"106\" class=\"elementor elementor-106\" data-elementor-post-type=\"page\">\n\t\t\t\t<div class=\"elementor-element elementor-element-52465927 e-flex e-con-boxed e-con e-parent\" data-id=\"52465927\" data-element_type=\"container\" data-e-type=\"container\">\n\t\t\t\t\t<div class=\"e-con-inner\">\n\t\t\t\t<div class=\"elementor-element elementor-element-1066711a elementor-widget elementor-widget-heading\" data-id=\"1066711a\" data-element_type=\"widget\" data-e-type=\"widget\" data-widget_type=\"heading.default\">\n\t\t\t\t<div class=\"elementor-widget-container\">\n\t\t\t\t\t<h2 class=\"elementor-heading-title elementor-size-default\">Donn\u00e9es<\/h2>\t\t\t\t<\/div>\n\t\t\t\t<\/div>\n\t\t\t\t<div class=\"elementor-element elementor-element-6dd4e96a elementor-widget elementor-widget-text-editor\" data-id=\"6dd4e96a\" data-element_type=\"widget\" data-e-type=\"widget\" data-widget_type=\"text-editor.default\">\n\t\t\t\t<div class=\"elementor-widget-container\">\n\t\t\t\t\t\t\t\t\t<p>Nous avons harmonis\u00e9 les donn\u00e9es sur le syst\u00e8me de soins de sant\u00e9 pour les femmes enceintes, les personnes r\u00e9cemment enceintes et les enfants dans cinq provinces canadiennes. Explorez les informations qui alimentent le tableau de bord et obtenez des r\u00e9ponses \u00e0 vos questions techniques.<\/p>\t\t\t\t\t\t\t\t<\/div>\n\t\t\t\t<\/div>\n\t\t\t\t<div class=\"elementor-element elementor-element-0ec1bff elementor-widget elementor-widget-image\" data-id=\"0ec1bff\" data-element_type=\"widget\" data-e-type=\"widget\" data-widget_type=\"image.default\">\n\t\t\t\t<div class=\"elementor-widget-container\">\n\t\t\t\t\t\t\t\t\t\t\t\t\t\t\t<img fetchpriority=\"high\" decoding=\"async\" width=\"500\" height=\"531\" src=\"https:\/\/cpoproject.ca\/wp-content\/uploads\/2025\/03\/Heart.png\" class=\"attachment-large size-large wp-image-55\" alt=\"\" srcset=\"https:\/\/cpoproject.ca\/wp-content\/uploads\/2025\/03\/Heart.png 500w, https:\/\/cpoproject.ca\/wp-content\/uploads\/2025\/03\/Heart-282x300.png 282w\" sizes=\"(max-width: 500px) 100vw, 500px\" \/>\t\t\t\t\t\t\t\t\t\t\t\t\t\t\t<\/div>\n\t\t\t\t<\/div>\n\t\t\t\t<div class=\"elementor-element elementor-element-5c8870dc elementor-widget elementor-widget-heading\" data-id=\"5c8870dc\" data-element_type=\"widget\" data-e-type=\"widget\" data-widget_type=\"heading.default\">\n\t\t\t\t<div class=\"elementor-widget-container\">\n\t\t\t\t\t<h1 class=\"elementor-heading-title elementor-size-default\">DE LA COLLECTE DES DONN\u00c9ES AU TABLEAU DE BORD<\/h1>\t\t\t\t<\/div>\n\t\t\t\t<\/div>\n\t\t\t\t<div class=\"elementor-element elementor-element-1ad6f013 elementor-widget elementor-widget-heading\" data-id=\"1ad6f013\" data-element_type=\"widget\" data-e-type=\"widget\" data-widget_type=\"heading.default\">\n\t\t\t\t<div class=\"elementor-widget-container\">\n\t\t\t\t\t<h3 class=\"elementor-heading-title elementor-size-default\">Unification des donn\u00e9es provinciales pour des analyses compl\u00e8tes.<\/h3>\t\t\t\t<\/div>\n\t\t\t\t<\/div>\n\t\t\t\t<div class=\"elementor-element elementor-element-6c60ca1d elementor-widget elementor-widget-text-editor\" data-id=\"6c60ca1d\" data-element_type=\"widget\" data-e-type=\"widget\" data-widget_type=\"text-editor.default\">\n\t\t\t\t<div class=\"elementor-widget-container\">\n\t\t\t\t\t\t\t\t\t<p>Unir les donn\u00e9es provinciales pour obtenir des renseignements d\u00e9taill\u00e9s\nLe PCOPP est le fruit d\u2019une collaboration entre cinq provinces canadiennes, l\u2019Alberta, la Colombie-Britannique, le Manitoba, l\u2019Ontario et la Saskatchewan, qui disposent toutes de donn\u00e9es administratives et d\u00e9mographiques actuelles sur les opio\u00efdes sur ordonnance dans la communaut\u00e9 pour tous les r\u00e9sidents, en liaison avec les dossiers d\u2019hospitalisation m\u00e8re-enfant, les visites aux urgences, les visites de m\u00e9decins ambulatoires et les registres de population. Les donn\u00e9es administratives sont r\u00e9guli\u00e8rement collect\u00e9es lors des interactions avec le syst\u00e8me de sant\u00e9 (d\u00e9personnalis\u00e9es pour pr\u00e9server votre confidentialit\u00e9!) et sont disponibles pour tous les r\u00e9sidents l\u00e9gaux.<\/p><p>Le PCOPP rassemble des donn\u00e9es provenant d\u2019Alberta\u00a0Health Services (Alberta), de Population Data BC (Colombie-Britannique), du Manitoba Centre for Health Policy (Manitoba), de l\u2019ICES (Ontario) et de la Health Research Data Platform - Saskatchewan (HDRP-SK; Saskatchewan).<\/p>\t\t\t\t\t\t\t\t<\/div>\n\t\t\t\t<\/div>\n\t\t\t\t\t<\/div>\n\t\t\t\t<\/div>\n\t\t<div class=\"elementor-element elementor-element-5f2d78f e-flex e-con-boxed e-con e-parent\" data-id=\"5f2d78f\" data-element_type=\"container\" data-e-type=\"container\" data-settings=\"{&quot;background_background&quot;:&quot;gradient&quot;}\">\n\t\t\t\t\t<div class=\"e-con-inner\">\n\t\t\t\t<div class=\"elementor-element elementor-element-d773cbc elementor-widget elementor-widget-image\" data-id=\"d773cbc\" data-element_type=\"widget\" data-e-type=\"widget\" data-widget_type=\"image.default\">\n\t\t\t\t<div class=\"elementor-widget-container\">\n\t\t\t\t\t\t\t\t\t\t\t\t\t\t\t<img decoding=\"async\" width=\"800\" height=\"677\" src=\"https:\/\/cpoproject.ca\/wp-content\/uploads\/2025\/04\/Map-Grad-1024x866.png\" class=\"attachment-large size-large wp-image-109\" alt=\"\" srcset=\"https:\/\/cpoproject.ca\/wp-content\/uploads\/2025\/04\/Map-Grad-1024x866.png 1024w, https:\/\/cpoproject.ca\/wp-content\/uploads\/2025\/04\/Map-Grad-300x254.png 300w, https:\/\/cpoproject.ca\/wp-content\/uploads\/2025\/04\/Map-Grad-768x649.png 768w, https:\/\/cpoproject.ca\/wp-content\/uploads\/2025\/04\/Map-Grad-1536x1299.png 1536w, https:\/\/cpoproject.ca\/wp-content\/uploads\/2025\/04\/Map-Grad.png 2000w\" sizes=\"(max-width: 800px) 100vw, 800px\" \/>\t\t\t\t\t\t\t\t\t\t\t\t\t\t\t<\/div>\n\t\t\t\t<\/div>\n\t\t\t\t\t<\/div>\n\t\t\t\t<\/div>\n\t\t\t\t<\/div>","protected":false},"excerpt":{"rendered":"<p>Data We\u2019ve harmonized healthcare system data for pregnant individuals, those recently pregnant, and children across 5 Canadian provinces. Explore the data powering the dashboard and get answers to your technical questions. FROM COLLECTION TO DASHBOARD Uniting Provincial Data for Comprehensive Insights CPOP is a collaboration between 5 Canadian provinces \u2013 Alberta, British Columbia, Manitoba, Ontario, [&hellip;]<\/p>\n","protected":false},"author":1,"featured_media":0,"parent":0,"menu_order":0,"comment_status":"closed","ping_status":"closed","template":"","meta":{"footnotes":""},"class_list":["post-106","page","type-page","status-publish","hentry"],"aioseo_notices":[],"_links":{"self":[{"href":"https:\/\/cpoproject.ca\/fr\/wp-json\/wp\/v2\/pages\/106","targetHints":{"allow":["GET"]}}],"collection":[{"href":"https:\/\/cpoproject.ca\/fr\/wp-json\/wp\/v2\/pages"}],"about":[{"href":"https:\/\/cpoproject.ca\/fr\/wp-json\/wp\/v2\/types\/page"}],"author":[{"embeddable":true,"href":"https:\/\/cpoproject.ca\/fr\/wp-json\/wp\/v2\/users\/1"}],"replies":[{"embeddable":true,"href":"https:\/\/cpoproject.ca\/fr\/wp-json\/wp\/v2\/comments?post=106"}],"version-history":[{"count":0,"href":"https:\/\/cpoproject.ca\/fr\/wp-json\/wp\/v2\/pages\/106\/revisions"}],"wp:attachment":[{"href":"https:\/\/cpoproject.ca\/fr\/wp-json\/wp\/v2\/media?parent=106"}],"curies":[{"name":"wp","href":"https:\/\/api.w.org\/{rel}","templated":true}]}}