{"id":101,"date":"2025-04-23T18:26:55","date_gmt":"2025-04-23T18:26:55","guid":{"rendered":"https:\/\/cpoproject.ca\/?page_id=101"},"modified":"2025-05-07T16:31:50","modified_gmt":"2025-05-07T16:31:50","slug":"reports-infographics","status":"publish","type":"page","link":"https:\/\/cpoproject.ca\/fr\/dashboard\/reports-infographics\/","title":{"rendered":"Rapports et infographies"},"content":{"rendered":"<div data-elementor-type=\"wp-page\" data-elementor-id=\"101\" class=\"elementor elementor-101\" data-elementor-post-type=\"page\">\n\t\t\t\t<div class=\"elementor-element elementor-element-53c01586 e-flex e-con-boxed e-con e-parent\" data-id=\"53c01586\" data-element_type=\"container\" data-e-type=\"container\">\n\t\t\t\t\t<div class=\"e-con-inner\">\n\t\t\t\t<div class=\"elementor-element elementor-element-50df7b7c elementor-nav-menu__align-center elementor-nav-menu--dropdown-none elementor-widget elementor-widget-nav-menu\" data-id=\"50df7b7c\" data-element_type=\"widget\" data-e-type=\"widget\" data-settings=\"{&quot;layout&quot;:&quot;horizontal&quot;,&quot;submenu_icon&quot;:{&quot;value&quot;:&quot;&lt;svg aria-hidden=\\&quot;true\\&quot; class=\\&quot;e-font-icon-svg e-fas-caret-down\\&quot; viewBox=\\&quot;0 0 320 512\\&quot; xmlns=\\&quot;http:\\\/\\\/www.w3.org\\\/2000\\\/svg\\&quot;&gt;&lt;path d=\\&quot;M31.3 192h257.3c17.8 0 26.7 21.5 14.1 34.1L174.1 354.8c-7.8 7.8-20.5 7.8-28.3 0L17.2 226.1C4.6 213.5 13.5 192 31.3 192z\\&quot;&gt;&lt;\\\/path&gt;&lt;\\\/svg&gt;&quot;,&quot;library&quot;:&quot;fa-solid&quot;}}\" data-widget_type=\"nav-menu.default\">\n\t\t\t\t<div class=\"elementor-widget-container\">\n\t\t\t\t\t\t\t\t<nav aria-label=\"Menu\" class=\"elementor-nav-menu--main elementor-nav-menu__container elementor-nav-menu--layout-horizontal e--pointer-none\">\n\t\t\t\t<ul id=\"menu-1-50df7b7c\" class=\"elementor-nav-menu\"><li class=\"menu-item menu-item-type-post_type menu-item-object-page menu-item-102\"><a href=\"https:\/\/cpoproject.ca\/fr\/dashboard\/\" class=\"elementor-item\">Le tableau de bord<\/a><\/li>\n<li class=\"menu-item menu-item-type-post_type menu-item-object-page menu-item-105\"><a href=\"https:\/\/cpoproject.ca\/fr\/dashboard\/indicator-library\/\" class=\"elementor-item\">Biblioth\u00e8que d\u2019indicateurs<\/a><\/li>\n<li class=\"menu-item menu-item-type-post_type menu-item-object-page menu-item-104\"><a href=\"https:\/\/cpoproject.ca\/fr\/dashboard\/technical-documents\/\" class=\"elementor-item\">Documents techniques<\/a><\/li>\n<li class=\"menu-item menu-item-type-post_type menu-item-object-page menu-item-103\"><a href=\"https:\/\/cpoproject.ca\/fr\/dashboard\/reports-infographics\/\" class=\"elementor-item\">Rapports et infographies<\/a><\/li>\n<\/ul>\t\t\t<\/nav>\n\t\t\t\t\t\t<nav class=\"elementor-nav-menu--dropdown elementor-nav-menu__container\" aria-hidden=\"true\">\n\t\t\t\t<ul id=\"menu-2-50df7b7c\" class=\"elementor-nav-menu\"><li class=\"menu-item menu-item-type-post_type menu-item-object-page menu-item-102\"><a href=\"https:\/\/cpoproject.ca\/fr\/dashboard\/\" class=\"elementor-item\" tabindex=\"-1\">Le tableau de bord<\/a><\/li>\n<li class=\"menu-item menu-item-type-post_type menu-item-object-page menu-item-105\"><a href=\"https:\/\/cpoproject.ca\/fr\/dashboard\/indicator-library\/\" class=\"elementor-item\" tabindex=\"-1\">Biblioth\u00e8que d\u2019indicateurs<\/a><\/li>\n<li class=\"menu-item menu-item-type-post_type menu-item-object-page menu-item-104\"><a href=\"https:\/\/cpoproject.ca\/fr\/dashboard\/technical-documents\/\" class=\"elementor-item\" tabindex=\"-1\">Documents techniques<\/a><\/li>\n<li class=\"menu-item menu-item-type-post_type menu-item-object-page menu-item-103\"><a href=\"https:\/\/cpoproject.ca\/fr\/dashboard\/reports-infographics\/\" class=\"elementor-item\" tabindex=\"-1\">Rapports et infographies<\/a><\/li>\n<\/ul>\t\t\t<\/nav>\n\t\t\t\t\t\t<\/div>\n\t\t\t\t<\/div>\n\t\t\t\t<div class=\"elementor-element elementor-element-227d5764 elementor-widget elementor-widget-heading\" data-id=\"227d5764\" data-element_type=\"widget\" data-e-type=\"widget\" data-widget_type=\"heading.default\">\n\t\t\t\t<div class=\"elementor-widget-container\">\n\t\t\t\t\t<h1 class=\"elementor-heading-title elementor-size-default\">\u00c0 venir!<\/h1>\t\t\t\t<\/div>\n\t\t\t\t<\/div>\n\t\t\t\t<div class=\"elementor-element elementor-element-7e54e877 elementor-widget elementor-widget-heading\" data-id=\"7e54e877\" data-element_type=\"widget\" data-e-type=\"widget\" data-widget_type=\"heading.default\">\n\t\t\t\t<div class=\"elementor-widget-container\">\n\t\t\t\t\t<h2 class=\"elementor-heading-title elementor-size-default\">Reports &amp; Infographics<\/h2>\t\t\t\t<\/div>\n\t\t\t\t<\/div>\n\t\t\t\t<div class=\"elementor-element elementor-element-a702348 elementor-widget elementor-widget-image\" data-id=\"a702348\" data-element_type=\"widget\" data-e-type=\"widget\" data-widget_type=\"image.default\">\n\t\t\t\t<div class=\"elementor-widget-container\">\n\t\t\t\t\t\t\t\t\t\t\t\t\t\t\t<img fetchpriority=\"high\" decoding=\"async\" width=\"800\" height=\"398\" src=\"https:\/\/cpoproject.ca\/wp-content\/uploads\/2025\/05\/CPOP-Dashboard-1-1024x510.jpg\" class=\"attachment-large size-large wp-image-179\" alt=\"\" srcset=\"https:\/\/cpoproject.ca\/wp-content\/uploads\/2025\/05\/CPOP-Dashboard-1-1024x510.jpg 1024w, https:\/\/cpoproject.ca\/wp-content\/uploads\/2025\/05\/CPOP-Dashboard-1-300x150.jpg 300w, https:\/\/cpoproject.ca\/wp-content\/uploads\/2025\/05\/CPOP-Dashboard-1-768x383.jpg 768w, https:\/\/cpoproject.ca\/wp-content\/uploads\/2025\/05\/CPOP-Dashboard-1-1536x766.jpg 1536w, https:\/\/cpoproject.ca\/wp-content\/uploads\/2025\/05\/CPOP-Dashboard-1-2048x1021.jpg 2048w\" sizes=\"(max-width: 800px) 100vw, 800px\" \/>\t\t\t\t\t\t\t\t\t\t\t\t\t\t\t<\/div>\n\t\t\t\t<\/div>\n\t\t\t\t<div class=\"elementor-element elementor-element-6beed2 elementor-widget elementor-widget-text-editor\" data-id=\"6beed2\" data-element_type=\"widget\" data-e-type=\"widget\" data-widget_type=\"text-editor.default\">\n\t\t\t\t<div class=\"elementor-widget-container\">\n\t\t\t\t\t\t\t\t\t<p>Nous avons utilis\u00e9 les donn\u00e9es du PCOPP pour cr\u00e9er des infographies facilement t\u00e9l\u00e9chargeables et partageables! <a href=\"https:\/\/cpoproject.ca\/fr\/get-in-touch\/\">communiquez avec nous<\/a>\u00a0pour nous faire part de vos suggestions d\u2019infographies qui pourraient vous \u00eatre utiles dans votre travail!<\/p>\t\t\t\t\t\t\t\t<\/div>\n\t\t\t\t<\/div>\n\t\t\t\t\t<\/div>\n\t\t\t\t<\/div>\n\t\t\t\t<\/div>","protected":false},"excerpt":{"rendered":"<p>COMING SOON! Reports &#038; Infographics We\u2019ve used data from CPOP to create infographics that are easily downloadable and shareable! Get in Touch\u00a0to share suggestions on infographics that would be helpful in your work!<\/p>","protected":false},"author":1,"featured_media":0,"parent":94,"menu_order":0,"comment_status":"closed","ping_status":"closed","template":"","meta":{"footnotes":""},"class_list":["post-101","page","type-page","status-publish","hentry"],"aioseo_notices":[],"_links":{"self":[{"href":"https:\/\/cpoproject.ca\/fr\/wp-json\/wp\/v2\/pages\/101","targetHints":{"allow":["GET"]}}],"collection":[{"href":"https:\/\/cpoproject.ca\/fr\/wp-json\/wp\/v2\/pages"}],"about":[{"href":"https:\/\/cpoproject.ca\/fr\/wp-json\/wp\/v2\/types\/page"}],"author":[{"embeddable":true,"href":"https:\/\/cpoproject.ca\/fr\/wp-json\/wp\/v2\/users\/1"}],"replies":[{"embeddable":true,"href":"https:\/\/cpoproject.ca\/fr\/wp-json\/wp\/v2\/comments?post=101"}],"version-history":[{"count":0,"href":"https:\/\/cpoproject.ca\/fr\/wp-json\/wp\/v2\/pages\/101\/revisions"}],"up":[{"embeddable":true,"href":"https:\/\/cpoproject.ca\/fr\/wp-json\/wp\/v2\/pages\/94"}],"wp:attachment":[{"href":"https:\/\/cpoproject.ca\/fr\/wp-json\/wp\/v2\/media?parent=101"}],"curies":[{"name":"wp","href":"https:\/\/api.w.org\/{rel}","templated":true}]}}